{"id":1660,"date":"2020-02-28T18:27:25","date_gmt":"2020-02-28T17:27:25","guid":{"rendered":"https:\/\/pneumatron.ch\/index.php\/\/produkt\/cloche-en-verre-veritable-9-mm\/"},"modified":"2022-05-25T20:38:25","modified_gmt":"2022-05-25T18:38:25","slug":"ventouse-en-verre-veritable-9-mm","status":"publish","type":"product","link":"https:\/\/pneumatron.ch\/fr\/produit\/ventouse-en-verre-veritable-9-mm\/","title":{"rendered":"Ventouse en verre v\u00e9ritable 9 mm"},"content":{"rendered":"<ul>\n<li>Acompte payable dans les 30\u00a0jours.<\/li>\n<li>Tous les prix s&rsquo;entendent nets sans la TVA \u00e0 7,7\u00a0%.<\/li>\n<li>Frais de port et d&rsquo;exp\u00e9dition\u00a0: 12\u00a0CHF<\/li>\n<li>\n<p class=\"p1\">Retours: les marchandises conform\u00e9ment livr\u00e9es peuvent \u00eatre \u00e9chang\u00e9es dans les 7 jours qui suivent. Tous les frais de port sont \u00e0 la charge du r\u00e9exp\u00e9diteur.<\/p>\n<\/li>\n<\/ul>\n","protected":false},"excerpt":{"rendered":"<p>Acompte payable dans les 30\u00a0jours. Tous les prix s&rsquo;entendent nets sans la TVA \u00e0 7,7\u00a0%. Frais de port et d&rsquo;exp\u00e9dition\u00a0: 12\u00a0CHF Retours: les marchandises conform\u00e9ment livr\u00e9es peuvent \u00eatre \u00e9chang\u00e9es dans les 7 jours qui suivent. Tous les frais de port sont \u00e0 la charge du r\u00e9exp\u00e9diteur.<\/p>\n","protected":false},"featured_media":1661,"comment_status":"open","ping_status":"closed","template":"","meta":{"inline_featured_image":false,"ocean_post_layout":"","ocean_both_sidebars_style":"","ocean_both_sidebars_content_width":0,"ocean_both_sidebars_sidebars_width":0,"ocean_sidebar":"0","ocean_second_sidebar":"0","ocean_disable_margins":"enable","ocean_add_body_class":"","ocean_shortcode_before_top_bar":"","ocean_shortcode_after_top_bar":"","ocean_shortcode_before_header":"","ocean_shortcode_after_header":"","ocean_has_shortcode":"","ocean_shortcode_after_title":"","ocean_shortcode_before_footer_widgets":"","ocean_shortcode_after_footer_widgets":"","ocean_shortcode_before_footer_bottom":"","ocean_shortcode_after_footer_bottom":"","ocean_display_top_bar":"default","ocean_display_header":"default","ocean_header_style":"","ocean_center_header_left_menu":"0","ocean_custom_header_template":"0","ocean_custom_logo":0,"ocean_custom_retina_logo":0,"ocean_custom_logo_max_width":0,"ocean_custom_logo_tablet_max_width":0,"ocean_custom_logo_mobile_max_width":0,"ocean_custom_logo_max_height":0,"ocean_custom_logo_tablet_max_height":0,"ocean_custom_logo_mobile_max_height":0,"ocean_header_custom_menu":"0","ocean_menu_typo_font_family":"0","ocean_menu_typo_font_subset":"","ocean_menu_typo_font_size":0,"ocean_menu_typo_font_size_tablet":0,"ocean_menu_typo_font_size_mobile":0,"ocean_menu_typo_font_size_unit":"px","ocean_menu_typo_font_weight":"","ocean_menu_typo_font_weight_tablet":"","ocean_menu_typo_font_weight_mobile":"","ocean_menu_typo_transform":"","ocean_menu_typo_transform_tablet":"","ocean_menu_typo_transform_mobile":"","ocean_menu_typo_line_height":0,"ocean_menu_typo_line_height_tablet":0,"ocean_menu_typo_line_height_mobile":0,"ocean_menu_typo_line_height_unit":"","ocean_menu_typo_spacing":0,"ocean_menu_typo_spacing_tablet":0,"ocean_menu_typo_spacing_mobile":0,"ocean_menu_typo_spacing_unit":"","ocean_menu_link_color":"","ocean_menu_link_color_hover":"","ocean_menu_link_color_active":"","ocean_menu_link_background":"","ocean_menu_link_hover_background":"","ocean_menu_link_active_background":"","ocean_menu_social_links_bg":"","ocean_menu_social_hover_links_bg":"","ocean_menu_social_links_color":"","ocean_menu_social_hover_links_color":"","ocean_disable_title":"default","ocean_disable_heading":"default","ocean_post_title":"","ocean_post_subheading":"","ocean_post_title_style":"","ocean_post_title_background_color":"","ocean_post_title_background":0,"ocean_post_title_bg_image_position":"","ocean_post_title_bg_image_attachment":"","ocean_post_title_bg_image_repeat":"","ocean_post_title_bg_image_size":"","ocean_post_title_height":0,"ocean_post_title_bg_overlay":0.5,"ocean_post_title_bg_overlay_color":"","ocean_disable_breadcrumbs":"default","ocean_breadcrumbs_color":"","ocean_breadcrumbs_separator_color":"","ocean_breadcrumbs_links_color":"","ocean_breadcrumbs_links_hover_color":"","ocean_display_footer_widgets":"default","ocean_display_footer_bottom":"default","ocean_custom_footer_template":"0"},"product_brand":[],"product_cat":[48],"product_tag":[],"class_list":{"0":"post-1660","1":"product","2":"type-product","3":"status-publish","4":"has-post-thumbnail","6":"product_cat-ventouses-en-verre-pneumatron200","8":"entry","9":"has-media","11":"first","12":"instock","13":"taxable","14":"shipping-taxable","15":"purchasable","16":"product-type-simple","17":"has-product-nav","18":"col","19":"span_1_of_3","20":"owp-content-center","21":"owp-thumbs-layout-horizontal","22":"owp-btn-normal","23":"owp-tabs-layout-horizontal","24":"has-no-thumbnails"},"yoast_head":"<!-- This site is optimized with the Yoast SEO plugin v27.1.1 - https:\/\/yoast.com\/product\/yoast-seo-wordpress\/ -->\n<title>Ventouse en verre v\u00e9ritable 9 mm - Pneumatron Suisse<\/title>\n<meta name=\"robots\" content=\"index, follow, max-snippet:-1, max-image-preview:large, max-video-preview:-1\" \/>\n<link rel=\"canonical\" href=\"https:\/\/pneumatron.ch\/fr\/produit\/ventouse-en-verre-veritable-9-mm\/\" \/>\n<meta property=\"og:locale\" content=\"fr_FR\" \/>\n<meta property=\"og:type\" content=\"article\" \/>\n<meta property=\"og:title\" content=\"Ventouse en verre v\u00e9ritable 9 mm - Pneumatron Suisse\" \/>\n<meta property=\"og:description\" content=\"Acompte payable dans les 30\u00a0jours. Tous les prix s&rsquo;entendent nets sans la TVA \u00e0 7,7\u00a0%. Frais de port et d&rsquo;exp\u00e9dition\u00a0: 12\u00a0CHF Retours: les marchandises conform\u00e9ment livr\u00e9es peuvent \u00eatre \u00e9chang\u00e9es dans les 7 jours qui suivent. Tous les frais de port sont \u00e0 la charge du r\u00e9exp\u00e9diteur.\" \/>\n<meta property=\"og:url\" content=\"https:\/\/pneumatron.ch\/fr\/produit\/ventouse-en-verre-veritable-9-mm\/\" \/>\n<meta property=\"og:site_name\" content=\"Pneumatron Suisse\" \/>\n<meta property=\"article:modified_time\" content=\"2022-05-25T18:38:25+00:00\" \/>\n<meta property=\"og:image\" content=\"https:\/\/pneumatron.ch\/wp-content\/uploads\/2020\/02\/Glasglocke-9mm.jpg\" \/>\n\t<meta property=\"og:image:width\" content=\"300\" \/>\n\t<meta property=\"og:image:height\" content=\"300\" \/>\n\t<meta property=\"og:image:type\" content=\"image\/jpeg\" \/>\n<meta name=\"twitter:card\" content=\"summary_large_image\" \/>\n<script type=\"application\/ld+json\" class=\"yoast-schema-graph\">{\"@context\":\"https:\/\/schema.org\",\"@graph\":[{\"@type\":\"WebPage\",\"@id\":\"https:\/\/pneumatron.ch\/fr\/produit\/ventouse-en-verre-veritable-9-mm\/\",\"url\":\"https:\/\/pneumatron.ch\/fr\/produit\/ventouse-en-verre-veritable-9-mm\/\",\"name\":\"Ventouse en verre v\u00e9ritable 9 mm - Pneumatron Suisse\",\"isPartOf\":{\"@id\":\"https:\/\/pneumatron.ch\/fr\/#website\"},\"primaryImageOfPage\":{\"@id\":\"https:\/\/pneumatron.ch\/fr\/produit\/ventouse-en-verre-veritable-9-mm\/#primaryimage\"},\"image\":{\"@id\":\"https:\/\/pneumatron.ch\/fr\/produit\/ventouse-en-verre-veritable-9-mm\/#primaryimage\"},\"thumbnailUrl\":\"https:\/\/pneumatron.ch\/wp-content\/uploads\/2020\/02\/Glasglocke-9mm.jpg\",\"datePublished\":\"2020-02-28T17:27:25+00:00\",\"dateModified\":\"2022-05-25T18:38:25+00:00\",\"breadcrumb\":{\"@id\":\"https:\/\/pneumatron.ch\/fr\/produit\/ventouse-en-verre-veritable-9-mm\/#breadcrumb\"},\"inLanguage\":\"fr-FR\",\"potentialAction\":[{\"@type\":\"ReadAction\",\"target\":[\"https:\/\/pneumatron.ch\/fr\/produit\/ventouse-en-verre-veritable-9-mm\/\"]}]},{\"@type\":\"ImageObject\",\"inLanguage\":\"fr-FR\",\"@id\":\"https:\/\/pneumatron.ch\/fr\/produit\/ventouse-en-verre-veritable-9-mm\/#primaryimage\",\"url\":\"https:\/\/pneumatron.ch\/wp-content\/uploads\/2020\/02\/Glasglocke-9mm.jpg\",\"contentUrl\":\"https:\/\/pneumatron.ch\/wp-content\/uploads\/2020\/02\/Glasglocke-9mm.jpg\",\"width\":300,\"height\":300,\"caption\":\"Schroepfsett und Massagezubehoer\"},{\"@type\":\"BreadcrumbList\",\"@id\":\"https:\/\/pneumatron.ch\/fr\/produit\/ventouse-en-verre-veritable-9-mm\/#breadcrumb\",\"itemListElement\":[{\"@type\":\"ListItem\",\"position\":1,\"name\":\"Startseite\",\"item\":\"https:\/\/pneumatron.ch\/fr\/\"},{\"@type\":\"ListItem\",\"position\":2,\"name\":\"boutique\",\"item\":\"https:\/\/pneumatron.ch\/shop\/\"},{\"@type\":\"ListItem\",\"position\":3,\"name\":\"Ventouse en verre v\u00e9ritable 9 mm\"}]},{\"@type\":\"WebSite\",\"@id\":\"https:\/\/pneumatron.ch\/fr\/#website\",\"url\":\"https:\/\/pneumatron.ch\/fr\/\",\"name\":\"Pneumatron Suisse\",\"description\":\"Technique unique de massage et de ventouses\",\"publisher\":{\"@id\":\"https:\/\/pneumatron.ch\/fr\/#organization\"},\"potentialAction\":[{\"@type\":\"SearchAction\",\"target\":{\"@type\":\"EntryPoint\",\"urlTemplate\":\"https:\/\/pneumatron.ch\/fr\/?s={search_term_string}\"},\"query-input\":{\"@type\":\"PropertyValueSpecification\",\"valueRequired\":true,\"valueName\":\"search_term_string\"}}],\"inLanguage\":\"fr-FR\"},{\"@type\":\"Organization\",\"@id\":\"https:\/\/pneumatron.ch\/fr\/#organization\",\"name\":\"Pneumatron Schweiz\",\"url\":\"https:\/\/pneumatron.ch\/fr\/\",\"logo\":{\"@type\":\"ImageObject\",\"inLanguage\":\"fr-FR\",\"@id\":\"https:\/\/pneumatron.ch\/fr\/#\/schema\/logo\/image\/\",\"url\":\"https:\/\/pneumatron.ch\/wp-content\/uploads\/2022\/06\/Pneumatron-Schweiz.png\",\"contentUrl\":\"https:\/\/pneumatron.ch\/wp-content\/uploads\/2022\/06\/Pneumatron-Schweiz.png\",\"width\":817,\"height\":333,\"caption\":\"Pneumatron Schweiz\"},\"image\":{\"@id\":\"https:\/\/pneumatron.ch\/fr\/#\/schema\/logo\/image\/\"}}]}<\/script>\n<!-- \/ Yoast SEO plugin. -->","yoast_head_json":{"title":"Ventouse en verre v\u00e9ritable 9 mm - Pneumatron Suisse","robots":{"index":"index","follow":"follow","max-snippet":"max-snippet:-1","max-image-preview":"max-image-preview:large","max-video-preview":"max-video-preview:-1"},"canonical":"https:\/\/pneumatron.ch\/fr\/produit\/ventouse-en-verre-veritable-9-mm\/","og_locale":"fr_FR","og_type":"article","og_title":"Ventouse en verre v\u00e9ritable 9 mm - Pneumatron Suisse","og_description":"Acompte payable dans les 30\u00a0jours. Tous les prix s&rsquo;entendent nets sans la TVA \u00e0 7,7\u00a0%. Frais de port et d&rsquo;exp\u00e9dition\u00a0: 12\u00a0CHF Retours: les marchandises conform\u00e9ment livr\u00e9es peuvent \u00eatre \u00e9chang\u00e9es dans les 7 jours qui suivent. Tous les frais de port sont \u00e0 la charge du r\u00e9exp\u00e9diteur.","og_url":"https:\/\/pneumatron.ch\/fr\/produit\/ventouse-en-verre-veritable-9-mm\/","og_site_name":"Pneumatron Suisse","article_modified_time":"2022-05-25T18:38:25+00:00","og_image":[{"width":300,"height":300,"url":"https:\/\/pneumatron.ch\/wp-content\/uploads\/2020\/02\/Glasglocke-9mm.jpg","type":"image\/jpeg"}],"twitter_card":"summary_large_image","schema":{"@context":"https:\/\/schema.org","@graph":[{"@type":"WebPage","@id":"https:\/\/pneumatron.ch\/fr\/produit\/ventouse-en-verre-veritable-9-mm\/","url":"https:\/\/pneumatron.ch\/fr\/produit\/ventouse-en-verre-veritable-9-mm\/","name":"Ventouse en verre v\u00e9ritable 9 mm - Pneumatron Suisse","isPartOf":{"@id":"https:\/\/pneumatron.ch\/fr\/#website"},"primaryImageOfPage":{"@id":"https:\/\/pneumatron.ch\/fr\/produit\/ventouse-en-verre-veritable-9-mm\/#primaryimage"},"image":{"@id":"https:\/\/pneumatron.ch\/fr\/produit\/ventouse-en-verre-veritable-9-mm\/#primaryimage"},"thumbnailUrl":"https:\/\/pneumatron.ch\/wp-content\/uploads\/2020\/02\/Glasglocke-9mm.jpg","datePublished":"2020-02-28T17:27:25+00:00","dateModified":"2022-05-25T18:38:25+00:00","breadcrumb":{"@id":"https:\/\/pneumatron.ch\/fr\/produit\/ventouse-en-verre-veritable-9-mm\/#breadcrumb"},"inLanguage":"fr-FR","potentialAction":[{"@type":"ReadAction","target":["https:\/\/pneumatron.ch\/fr\/produit\/ventouse-en-verre-veritable-9-mm\/"]}]},{"@type":"ImageObject","inLanguage":"fr-FR","@id":"https:\/\/pneumatron.ch\/fr\/produit\/ventouse-en-verre-veritable-9-mm\/#primaryimage","url":"https:\/\/pneumatron.ch\/wp-content\/uploads\/2020\/02\/Glasglocke-9mm.jpg","contentUrl":"https:\/\/pneumatron.ch\/wp-content\/uploads\/2020\/02\/Glasglocke-9mm.jpg","width":300,"height":300,"caption":"Schroepfsett und Massagezubehoer"},{"@type":"BreadcrumbList","@id":"https:\/\/pneumatron.ch\/fr\/produit\/ventouse-en-verre-veritable-9-mm\/#breadcrumb","itemListElement":[{"@type":"ListItem","position":1,"name":"Startseite","item":"https:\/\/pneumatron.ch\/fr\/"},{"@type":"ListItem","position":2,"name":"boutique","item":"https:\/\/pneumatron.ch\/shop\/"},{"@type":"ListItem","position":3,"name":"Ventouse en verre v\u00e9ritable 9 mm"}]},{"@type":"WebSite","@id":"https:\/\/pneumatron.ch\/fr\/#website","url":"https:\/\/pneumatron.ch\/fr\/","name":"Pneumatron Suisse","description":"Technique unique de massage et de ventouses","publisher":{"@id":"https:\/\/pneumatron.ch\/fr\/#organization"},"potentialAction":[{"@type":"SearchAction","target":{"@type":"EntryPoint","urlTemplate":"https:\/\/pneumatron.ch\/fr\/?s={search_term_string}"},"query-input":{"@type":"PropertyValueSpecification","valueRequired":true,"valueName":"search_term_string"}}],"inLanguage":"fr-FR"},{"@type":"Organization","@id":"https:\/\/pneumatron.ch\/fr\/#organization","name":"Pneumatron Schweiz","url":"https:\/\/pneumatron.ch\/fr\/","logo":{"@type":"ImageObject","inLanguage":"fr-FR","@id":"https:\/\/pneumatron.ch\/fr\/#\/schema\/logo\/image\/","url":"https:\/\/pneumatron.ch\/wp-content\/uploads\/2022\/06\/Pneumatron-Schweiz.png","contentUrl":"https:\/\/pneumatron.ch\/wp-content\/uploads\/2022\/06\/Pneumatron-Schweiz.png","width":817,"height":333,"caption":"Pneumatron Schweiz"},"image":{"@id":"https:\/\/pneumatron.ch\/fr\/#\/schema\/logo\/image\/"}}]}},"_links":{"self":[{"href":"https:\/\/pneumatron.ch\/fr\/wp-json\/wp\/v2\/product\/1660","targetHints":{"allow":["GET"]}}],"collection":[{"href":"https:\/\/pneumatron.ch\/fr\/wp-json\/wp\/v2\/product"}],"about":[{"href":"https:\/\/pneumatron.ch\/fr\/wp-json\/wp\/v2\/types\/product"}],"replies":[{"embeddable":true,"href":"https:\/\/pneumatron.ch\/fr\/wp-json\/wp\/v2\/comments?post=1660"}],"wp:featuredmedia":[{"embeddable":true,"href":"https:\/\/pneumatron.ch\/fr\/wp-json\/wp\/v2\/media\/1661"}],"wp:attachment":[{"href":"https:\/\/pneumatron.ch\/fr\/wp-json\/wp\/v2\/media?parent=1660"}],"wp:term":[{"taxonomy":"product_brand","embeddable":true,"href":"https:\/\/pneumatron.ch\/fr\/wp-json\/wp\/v2\/product_brand?post=1660"},{"taxonomy":"product_cat","embeddable":true,"href":"https:\/\/pneumatron.ch\/fr\/wp-json\/wp\/v2\/product_cat?post=1660"},{"taxonomy":"product_tag","embeddable":true,"href":"https:\/\/pneumatron.ch\/fr\/wp-json\/wp\/v2\/product_tag?post=1660"}],"curies":[{"name":"wp","href":"https:\/\/api.w.org\/{rel}","templated":true}]}}