{"id":1589,"date":"2021-09-09T03:39:18","date_gmt":"2021-09-09T01:39:18","guid":{"rendered":"https:\/\/pneumatron.ch\/index.php\/politique-de-confidentialite\/"},"modified":"2023-09-09T13:59:18","modified_gmt":"2023-09-09T11:59:18","slug":"politique-de-confidentialite","status":"publish","type":"page","link":"https:\/\/pneumatron.ch\/fr\/politique-de-confidentialite\/","title":{"rendered":"Politique de confidentialit\u00e9"},"content":{"rendered":"\t\t<div data-elementor-type=\"wp-page\" data-elementor-id=\"1589\" class=\"elementor elementor-1589 elementor-3\">\n\t\t\t\t\t\t<section class=\"elementor-section elementor-top-section elementor-element elementor-element-1a5e859c elementor-section-boxed elementor-section-height-default elementor-section-height-default\" data-id=\"1a5e859c\" data-element_type=\"section\" data-e-type=\"section\">\n\t\t\t\t\t\t<div class=\"elementor-container elementor-column-gap-default\">\n\t\t\t\t\t<div class=\"elementor-column elementor-col-100 elementor-top-column elementor-element elementor-element-77c25fe1\" data-id=\"77c25fe1\" data-element_type=\"column\" data-e-type=\"column\">\n\t\t\t<div class=\"elementor-widget-wrap elementor-element-populated\">\n\t\t\t\t\t\t<div class=\"elementor-element elementor-element-700d39f0 elementor-widget elementor-widget-text-editor\" data-id=\"700d39f0\" data-element_type=\"widget\" data-e-type=\"widget\" data-widget_type=\"text-editor.default\">\n\t\t\t\t<div class=\"elementor-widget-container\">\n\t\t\t\t\t\t\t\t\t<p>INFORMATIONS SUR LA PROTECTION DES DONN\u00c9ES<\/p>\n<p>Port\u00e9e<\/p>\n<p>Pneumatron.ch collecte, traite, stocke et prot\u00e8ge les donn\u00e9es des personnes qui acc\u00e8dent \u00e0 son site web. Cette politique de confidentialit\u00e9 s&rsquo;applique \u00e0 ce site web et \u00e0 toutes ses applications et fonctions.<\/p>\n<p>Base juridique<\/p>\n<p>Les pr\u00e9sents principes de protection des donn\u00e9es se fondent sur la loi suisse sur la protection des donn\u00e9es (LPD) et le r\u00e8glement europ\u00e9en sur la protection des donn\u00e9es (RGPD).<\/p>\n<p>Responsable de la protection des donn\u00e9es<\/p>\n<p>La personne responsable de la protection des donn\u00e9es chez pneumatron.ch est Heinrich Moser. Il peut \u00eatre contact\u00e9 \u00e0 l&rsquo;adresse info@pneumatron.cherreichbar.<\/p>\n<p>Utilisation de l&rsquo;information<\/p>\n<p>La visite du site pneumatron.ch est g\u00e9n\u00e9ralement possible sans fournir de donn\u00e9es personnelles. Les donn\u00e9es d&rsquo;utilisation impersonnelles telles que l&rsquo;adresse IP, le navigateur utilis\u00e9, la date, l&rsquo;heure, etc. sont \u00e9valu\u00e9es sans tirer de conclusions sur des personnes individuelles.<\/p>\n<p>Les donn\u00e9es personnelles sont collect\u00e9es et trait\u00e9es dans le strict respect des lois et r\u00e8glements en vigueur et, par principe, uniquement avec un consentement explicite.<\/p>\n<p>Transmission de donn\u00e9es personnelles<\/p>\n<p>Les donn\u00e9es personnelles ne sont en principe ni vendues ni partag\u00e9es avec des tiers. Pneumatron Suisse se r\u00e9serve toutefois la libert\u00e9 d&rsquo;utiliser les adresses e-mail de ses clients pour une communication individualis\u00e9e avec des groupes cibles via Facebook et Google. Si vous n&rsquo;\u00eates pas d&rsquo;accord avec cela, veuillez nous le faire savoir. Ainsi, vos donn\u00e9es ne seront pas int\u00e9gr\u00e9es dans des mesures publicitaires.<\/p>\n<p>Options de contact via le site web<\/p>\n<p>Si le contact est \u00e9tabli via notre site web, les donn\u00e9es personnelles transmises sont automatiquement stock\u00e9es. Ces donn\u00e9es transmises sur une base volontaire seront stock\u00e9es dans le but de vous traiter ou de vous contacter. Ces donn\u00e9es personnelles ne sont pas transmises \u00e0 des tiers.<\/p>\n<p>Suppression et blocage de routine des donn\u00e9es personnelles<\/p>\n<p>Nous utilisons l&rsquo;outil de consentement \u00ab\u00a0Real Cookie Banner\u00a0\u00bb pour g\u00e9rer les cookies et les technologies similaires (pixels de suivi, balises web, etc.) et les consentements y aff\u00e9rents. Tu trouveras des d\u00e9tails sur le fonctionnement de \u00ab\u00a0Real Cookie Banner\u00a0\u00bb sur <a href=\"https:\/\/devowl.io\/knowledge-base\/real-cookie-banner-data-processing\/\" target=\"_blank\" rel=\"noopener\">devowl.io<\/a>.<\/p>\n<p>Les bases juridiques pour le traitement des donn\u00e9es personnelles dans ce contexte sont l&rsquo;article 6, paragraphe 1, point c du RGPD et l&rsquo;article 6, paragraphe 1, point f du RGPD. Notre int\u00e9r\u00eat l\u00e9gitime est la gestion des cookies et des technologies similaires utilis\u00e9s et des consentements y aff\u00e9rents.<\/p>\n<p>La mise \u00e0 disposition des donn\u00e9es personnelles n&rsquo;est ni prescrite contractuellement ni n\u00e9cessaire \u00e0 la conclusion d&rsquo;un contrat. Tu n&rsquo;es pas oblig\u00e9 de fournir les donn\u00e9es personnelles. Si tu ne nous fournis pas les donn\u00e9es personnelles, nous ne pourrons pas g\u00e9rer tes consentements.<\/p>\n<p>Pneumatron.ch ne traite &#8211; dans la mesure o\u00f9 le consentement a \u00e9t\u00e9 donn\u00e9 &#8211; et ne stocke les donn\u00e9es personnelles des personnes concern\u00e9es que pendant la p\u00e9riode n\u00e9cessaire \u00e0 la r\u00e9alisation de l&rsquo;objectif de stockage ou dans la mesure o\u00f9 cela a \u00e9t\u00e9 pr\u00e9vu par des dispositions l\u00e9gales auxquelles les responsables sont soumis.<\/p>\n<p>Si la finalit\u00e9 pour laquelle les donn\u00e9es sont stock\u00e9es n&rsquo;est plus d&rsquo;actualit\u00e9 ou si un d\u00e9lai de conservation l\u00e9gal expire, les donn\u00e9es personnelles seront syst\u00e9matiquement bloqu\u00e9es ou supprim\u00e9es conform\u00e9ment aux dispositions l\u00e9gales.<\/p>\n<p>Base juridique du traitement<\/p>\n<p>Les donn\u00e9es sont trait\u00e9es sur la base de l&rsquo;art. 6 para. 1 let. f DS-GVO.<\/p>\n<p>Droits des personnes concern\u00e9es<\/p>\n<p>a) Droit \u00e0 la confirmation<br \/>\nToute personne concern\u00e9e a le droit d&rsquo;obtenir du responsable du traitement la confirmation que des donn\u00e9es \u00e0 caract\u00e8re personnel la concernant sont trait\u00e9es. Si une personne concern\u00e9e souhaite exercer ce droit de confirmation, elle peut, \u00e0 tout moment, contacter le responsable du traitement (Heinrich Moser) \u00e0 l&rsquo;adresse info@pneumatron.chwenden.<\/p>\n<p>b) Droit \u00e0 l&rsquo;information<br \/>\nVous pouvez demander des informations conform\u00e9ment \u00e0 l&rsquo;article 15 de la DS-GVO sur les donn\u00e9es personnelles que nous traitons.<\/p>\n<p>c) Droit de rectification<br \/>\nSi les informations vous concernant ne sont pas (ou plus) exactes, vous pouvez demander une rectification conform\u00e9ment \u00e0 l&rsquo;art.t 16 DS-GVO. Si vos donn\u00e9es sont incompl\u00e8tes, vous pouvez demander qu&rsquo;elles soient compl\u00e9t\u00e9es.<\/p>\n<p>d) Droit \u00e0 l&rsquo;effacement<br \/>\nVous pouvez demander la suppression des donn\u00e9es personnelles conform\u00e9ment \u00e0 l&rsquo;article 17 du DS-GVO.<\/p>\n<p>e) Droit \u00e0 la limitation du traitement<br \/>\nConform\u00e9ment \u00e0 l&rsquo;article 18 du DS-GVO, vous avez le droit de demander la restriction du traitement de vos donn\u00e9es personnelles.<\/p>\n<p>f) Droit \u00e0 la portabilit\u00e9 des donn\u00e9es<br \/>\nToute personne concern\u00e9e par le traitement de donn\u00e9es \u00e0 caract\u00e8re personnel a le droit, conform\u00e9ment \u00e0 l&rsquo;article 77 (1) DS-GVO, de recevoir les donn\u00e9es \u00e0 caract\u00e8re personnel la concernant, qui ont \u00e9t\u00e9 fournies par la personne concern\u00e9e au responsable du traitement, dans un format structur\u00e9, couramment utilis\u00e9 et lisible par machine.<\/p>\n<p>g) Droit d&rsquo;opposition<br \/>\nVous avez le droit de vous opposer \u00e0 tout moment, pour des raisons tenant \u00e0 votre situation particuli\u00e8re, au traitement de vos donn\u00e9es personnelles effectu\u00e9 sur la base de l&rsquo;article 6, paragraphe 1, point f), du DS-GVO.<\/p>\n<p>Le responsable du traitement ne traite plus les donn\u00e9es \u00e0 caract\u00e8re personnel en cas d&rsquo;opposition, \u00e0 moins que des motifs l\u00e9gitimes imp\u00e9rieux pour le traitement puissent \u00eatre d\u00e9montr\u00e9s, qui pr\u00e9valent sur les int\u00e9r\u00eats, les droits et les libert\u00e9s de la personne concern\u00e9e, ou que le traitement serve \u00e0 faire valoir, exercer ou d\u00e9fendre des droits en justice.<\/p>\n<p>Liens vers d&rsquo;autres sites web<\/p>\n<p>Le site Internet du Pneumatron Suisse renvoie \u00e0 d&rsquo;autres sites Internet, dont il ne peut \u00eatre tenu responsable du contenu.<\/p>\n<p>Cookies<\/p>\n<p>Ce site web utilise des cookies pour analyser l&rsquo;utilisation de ce site web \u00e0 des fins d&rsquo;\u00e9valuation statistique ainsi que d&rsquo;am\u00e9lioration continue.<\/p>\n<p>Les cookies peuvent \u00eatre compl\u00e8tement ou partiellement d\u00e9sactiv\u00e9s \u00e0 tout moment dans les param\u00e8tres du navigateur. Si les cookies sont d\u00e9sactiv\u00e9s, il se peut que certaines fonctions de ce site web ne soient pas disponibles.<\/p>\n<p>Reciblage<\/p>\n<p>Ce site web utilise des technologies dites de reciblage pour rendre l&rsquo;offre Internet plus int\u00e9ressante. Cela se fait de mani\u00e8re totalement pseudonyme. Aucun profil d&rsquo;utilisation n&rsquo;est fusionn\u00e9 avec des donn\u00e9es personnelles. En utilisant le site, les visiteurs consentent \u00e0 l&rsquo;utilisation de cookies et donc \u00e0 la collecte, au stockage et \u00e0 l&rsquo;utilisation des donn\u00e9es d&rsquo;utilisation. En outre, les donn\u00e9es contenues dans les cookies sont stock\u00e9es au-del\u00e0 de la fin de la session du navigateur et sont, par exemple, rappel\u00e9es lors de la prochaine visite du site web. Ce consentement peut \u00eatre r\u00e9voqu\u00e9 \u00e0 tout moment avec effet pour l&rsquo;avenir en refusant d&rsquo;accepter les cookies dans les param\u00e8tres du navigateur.<\/p>\n<p>Fichiers journaux<\/p>\n<p>A chaque consultation des pages depneumatron.ch, des donn\u00e9es d&rsquo;utilisation sont transmises par le navigateur Internet concern\u00e9 et enregistr\u00e9es dans des fichiers journaux. Les enregistrements de donn\u00e9es stock\u00e9s dans ce processus contiennent les donn\u00e9es suivantes : La date et l&rsquo;heure d&rsquo;acc\u00e8s, le nom de la page consult\u00e9e, l&rsquo;adresse IP, l&rsquo;URL de r\u00e9f\u00e9rence (URL d&rsquo;origine \u00e0 partir de laquelle vous avez acc\u00e9d\u00e9 aux pages web), la quantit\u00e9 de donn\u00e9es transf\u00e9r\u00e9es, ainsi que des informations sur le produit et la version du navigateur utilis\u00e9. Les adresses IP des utilisateurs sont supprim\u00e9es ou rendues anonymes apr\u00e8s utilisation.<\/p>\n<p>Analyse Web \/ Google Analytics<\/p>\n<p>Google Analytics utilise des cookies, qui transmettent g\u00e9n\u00e9ralement des informations sur l&rsquo;utilisation des sites Web (y compris les adresses IP) \u00e0 un serveur de Google aux \u00c9tats-Unis et les y stockent.<\/p>\n<p>Plugins sociaux<\/p>\n<p>Le site web utilise des plugins sociaux (\u00ab\u00a0plugins\u00a0\u00bb) de diff\u00e9rents r\u00e9seaux sociaux. Gr\u00e2ce \u00e0 ces plugins, le contenu peut \u00eatre partag\u00e9, par exemple. Dans le cas d&rsquo;interactions avec des plugins, les informations correspondantes sont transmises directement au r\u00e9seau social et y sont stock\u00e9es. L&rsquo;objectif et l&rsquo;\u00e9tendue de la collecte de donn\u00e9es ainsi que le traitement ult\u00e9rieur et l&rsquo;utilisation des donn\u00e9es par les r\u00e9seaux sociaux, de m\u00eame que les droits connexes et les options de r\u00e9glage pour la protection de la vie priv\u00e9e, se trouvent dans les avis de protection des donn\u00e9es des fournisseurs respectifs. Le site Web de la CRK utilise les plugins suivants : Instagram, Twitter et LinkedIn. Les param\u00e8tres du navigateur peuvent \u00eatre utilis\u00e9s pour emp\u00eacher les r\u00e9seaux sociaux de collecter des donn\u00e9es via des plugins actifs.<\/p>\n<p>Pixel Facebook<\/p>\n<p>Pneumatron.ch utilise le pixel Facebook pour envoyer des publicit\u00e9s cibl\u00e9es aux parties int\u00e9ress\u00e9es. Si vous \u00eates connect\u00e9 \u00e0 Facebook et que vous visitez notre site web, des donn\u00e9es sont transmises \u00e0 Facebook, ce qui permet l&rsquo;affichage de publicit\u00e9s cibl\u00e9es. L&rsquo;autorisation pour cela peut \u00eatre d\u00e9sactiv\u00e9e dans votre profil Facebook.<\/p>\n<p>Cette politique de confidentialit\u00e9 vous explique, en tant que visiteur et utilisateur de notre site web, la nature, la port\u00e9e et l&rsquo;objectif de la collecte et de l&rsquo;utilisation des donn\u00e9es personnelles. Les donn\u00e9es sont trait\u00e9es sur la base de l&rsquo;art. 6 (1) lettre f DS-GVO.<\/p>\n<p>juillet 2022<\/p>\n\t\t\t\t\t\t\t\t<\/div>\n\t\t\t\t<\/div>\n\t\t\t\t\t<\/div>\n\t\t<\/div>\n\t\t\t\t\t<\/div>\n\t\t<\/section>\n\t\t\t\t<\/div>\n\t\t","protected":false},"excerpt":{"rendered":"<p>INFORMATIONS SUR LA PROTECTION DES DONN\u00c9ES Port\u00e9e Pneumatron.ch collecte, traite, stocke et prot\u00e8ge les donn\u00e9es des personnes qui acc\u00e8dent \u00e0 son site web. Cette politique de confidentialit\u00e9 s&rsquo;applique \u00e0 ce site web et \u00e0 toutes ses applications et fonctions. Base juridique Les pr\u00e9sents principes de protection des donn\u00e9es se fondent sur la loi suisse sur [&hellip;]<\/p>\n","protected":false},"author":1,"featured_media":0,"parent":0,"menu_order":0,"comment_status":"closed","ping_status":"closed","template":"","meta":{"inline_featured_image":false,"ocean_post_layout":"","ocean_both_sidebars_style":"","ocean_both_sidebars_content_width":0,"ocean_both_sidebars_sidebars_width":0,"ocean_sidebar":"0","ocean_second_sidebar":"0","ocean_disable_margins":"enable","ocean_add_body_class":"","ocean_shortcode_before_top_bar":"","ocean_shortcode_after_top_bar":"","ocean_shortcode_before_header":"","ocean_shortcode_after_header":"","ocean_has_shortcode":"","ocean_shortcode_after_title":"","ocean_shortcode_before_footer_widgets":"","ocean_shortcode_after_footer_widgets":"","ocean_shortcode_before_footer_bottom":"","ocean_shortcode_after_footer_bottom":"","ocean_display_top_bar":"default","ocean_display_header":"default","ocean_header_style":"","ocean_center_header_left_menu":"0","ocean_custom_header_template":"0","ocean_custom_logo":0,"ocean_custom_retina_logo":0,"ocean_custom_logo_max_width":0,"ocean_custom_logo_tablet_max_width":0,"ocean_custom_logo_mobile_max_width":0,"ocean_custom_logo_max_height":0,"ocean_custom_logo_tablet_max_height":0,"ocean_custom_logo_mobile_max_height":0,"ocean_header_custom_menu":"0","ocean_menu_typo_font_family":"0","ocean_menu_typo_font_subset":"","ocean_menu_typo_font_size":0,"ocean_menu_typo_font_size_tablet":0,"ocean_menu_typo_font_size_mobile":0,"ocean_menu_typo_font_size_unit":"px","ocean_menu_typo_font_weight":"","ocean_menu_typo_font_weight_tablet":"","ocean_menu_typo_font_weight_mobile":"","ocean_menu_typo_transform":"","ocean_menu_typo_transform_tablet":"","ocean_menu_typo_transform_mobile":"","ocean_menu_typo_line_height":0,"ocean_menu_typo_line_height_tablet":0,"ocean_menu_typo_line_height_mobile":0,"ocean_menu_typo_line_height_unit":"","ocean_menu_typo_spacing":0,"ocean_menu_typo_spacing_tablet":0,"ocean_menu_typo_spacing_mobile":0,"ocean_menu_typo_spacing_unit":"","ocean_menu_link_color":"","ocean_menu_link_color_hover":"","ocean_menu_link_color_active":"","ocean_menu_link_background":"","ocean_menu_link_hover_background":"","ocean_menu_link_active_background":"","ocean_menu_social_links_bg":"","ocean_menu_social_hover_links_bg":"","ocean_menu_social_links_color":"","ocean_menu_social_hover_links_color":"","ocean_disable_title":"default","ocean_disable_heading":"default","ocean_post_title":"","ocean_post_subheading":"","ocean_post_title_style":"","ocean_post_title_background_color":"","ocean_post_title_background":0,"ocean_post_title_bg_image_position":"","ocean_post_title_bg_image_attachment":"","ocean_post_title_bg_image_repeat":"","ocean_post_title_bg_image_size":"","ocean_post_title_height":0,"ocean_post_title_bg_overlay":0.5,"ocean_post_title_bg_overlay_color":"","ocean_disable_breadcrumbs":"default","ocean_breadcrumbs_color":"","ocean_breadcrumbs_separator_color":"","ocean_breadcrumbs_links_color":"","ocean_breadcrumbs_links_hover_color":"","ocean_display_footer_widgets":"default","ocean_display_footer_bottom":"default","ocean_custom_footer_template":"0","footnotes":""},"class_list":["post-1589","page","type-page","status-publish","hentry","entry","owp-thumbs-layout-horizontal","owp-btn-normal","owp-tabs-layout-horizontal","has-no-thumbnails","has-product-nav"],"yoast_head":"<!-- This site is optimized with the Yoast SEO plugin v27.1.1 - https:\/\/yoast.com\/product\/yoast-seo-wordpress\/ -->\n<title>Politique de confidentialit\u00e9 - Pneumatron Suisse<\/title>\n<meta name=\"robots\" content=\"index, follow, max-snippet:-1, max-image-preview:large, max-video-preview:-1\" \/>\n<link rel=\"canonical\" href=\"https:\/\/pneumatron.ch\/fr\/politique-de-confidentialite\/\" \/>\n<meta property=\"og:locale\" content=\"fr_FR\" \/>\n<meta property=\"og:type\" content=\"article\" \/>\n<meta property=\"og:title\" content=\"Politique de confidentialit\u00e9 - Pneumatron Suisse\" \/>\n<meta property=\"og:description\" content=\"INFORMATIONS SUR LA PROTECTION DES DONN\u00c9ES Port\u00e9e Pneumatron.ch collecte, traite, stocke et prot\u00e8ge les donn\u00e9es des personnes qui acc\u00e8dent \u00e0 son site web. Cette politique de confidentialit\u00e9 s&rsquo;applique \u00e0 ce site web et \u00e0 toutes ses applications et fonctions. Base juridique Les pr\u00e9sents principes de protection des donn\u00e9es se fondent sur la loi suisse sur [&hellip;]\" \/>\n<meta property=\"og:url\" content=\"https:\/\/pneumatron.ch\/fr\/politique-de-confidentialite\/\" \/>\n<meta property=\"og:site_name\" content=\"Pneumatron Suisse\" \/>\n<meta property=\"article:modified_time\" content=\"2023-09-09T11:59:18+00:00\" \/>\n<meta name=\"twitter:card\" content=\"summary_large_image\" \/>\n<meta name=\"twitter:label1\" content=\"Dur\u00e9e de lecture estim\u00e9e\" \/>\n\t<meta name=\"twitter:data1\" content=\"8 minutes\" \/>\n<script type=\"application\/ld+json\" class=\"yoast-schema-graph\">{\"@context\":\"https:\/\/schema.org\",\"@graph\":[{\"@type\":\"WebPage\",\"@id\":\"https:\/\/pneumatron.ch\/fr\/politique-de-confidentialite\/\",\"url\":\"https:\/\/pneumatron.ch\/fr\/politique-de-confidentialite\/\",\"name\":\"Politique de confidentialit\u00e9 - Pneumatron Suisse\",\"isPartOf\":{\"@id\":\"https:\/\/pneumatron.ch\/fr\/#website\"},\"datePublished\":\"2021-09-09T01:39:18+00:00\",\"dateModified\":\"2023-09-09T11:59:18+00:00\",\"breadcrumb\":{\"@id\":\"https:\/\/pneumatron.ch\/fr\/politique-de-confidentialite\/#breadcrumb\"},\"inLanguage\":\"fr-FR\",\"potentialAction\":[{\"@type\":\"ReadAction\",\"target\":[\"https:\/\/pneumatron.ch\/fr\/politique-de-confidentialite\/\"]}]},{\"@type\":\"BreadcrumbList\",\"@id\":\"https:\/\/pneumatron.ch\/fr\/politique-de-confidentialite\/#breadcrumb\",\"itemListElement\":[{\"@type\":\"ListItem\",\"position\":1,\"name\":\"Startseite\",\"item\":\"https:\/\/pneumatron.ch\/fr\/\"},{\"@type\":\"ListItem\",\"position\":2,\"name\":\"Politique de confidentialit\u00e9\"}]},{\"@type\":\"WebSite\",\"@id\":\"https:\/\/pneumatron.ch\/fr\/#website\",\"url\":\"https:\/\/pneumatron.ch\/fr\/\",\"name\":\"Pneumatron Suisse\",\"description\":\"Technique unique de massage et de ventouses\",\"publisher\":{\"@id\":\"https:\/\/pneumatron.ch\/fr\/#organization\"},\"potentialAction\":[{\"@type\":\"SearchAction\",\"target\":{\"@type\":\"EntryPoint\",\"urlTemplate\":\"https:\/\/pneumatron.ch\/fr\/?s={search_term_string}\"},\"query-input\":{\"@type\":\"PropertyValueSpecification\",\"valueRequired\":true,\"valueName\":\"search_term_string\"}}],\"inLanguage\":\"fr-FR\"},{\"@type\":\"Organization\",\"@id\":\"https:\/\/pneumatron.ch\/fr\/#organization\",\"name\":\"Pneumatron Schweiz\",\"url\":\"https:\/\/pneumatron.ch\/fr\/\",\"logo\":{\"@type\":\"ImageObject\",\"inLanguage\":\"fr-FR\",\"@id\":\"https:\/\/pneumatron.ch\/fr\/#\/schema\/logo\/image\/\",\"url\":\"https:\/\/pneumatron.ch\/wp-content\/uploads\/2022\/06\/Pneumatron-Schweiz.png\",\"contentUrl\":\"https:\/\/pneumatron.ch\/wp-content\/uploads\/2022\/06\/Pneumatron-Schweiz.png\",\"width\":817,\"height\":333,\"caption\":\"Pneumatron Schweiz\"},\"image\":{\"@id\":\"https:\/\/pneumatron.ch\/fr\/#\/schema\/logo\/image\/\"}}]}<\/script>\n<!-- \/ Yoast SEO plugin. -->","yoast_head_json":{"title":"Politique de confidentialit\u00e9 - Pneumatron Suisse","robots":{"index":"index","follow":"follow","max-snippet":"max-snippet:-1","max-image-preview":"max-image-preview:large","max-video-preview":"max-video-preview:-1"},"canonical":"https:\/\/pneumatron.ch\/fr\/politique-de-confidentialite\/","og_locale":"fr_FR","og_type":"article","og_title":"Politique de confidentialit\u00e9 - Pneumatron Suisse","og_description":"INFORMATIONS SUR LA PROTECTION DES DONN\u00c9ES Port\u00e9e Pneumatron.ch collecte, traite, stocke et prot\u00e8ge les donn\u00e9es des personnes qui acc\u00e8dent \u00e0 son site web. Cette politique de confidentialit\u00e9 s&rsquo;applique \u00e0 ce site web et \u00e0 toutes ses applications et fonctions. Base juridique Les pr\u00e9sents principes de protection des donn\u00e9es se fondent sur la loi suisse sur [&hellip;]","og_url":"https:\/\/pneumatron.ch\/fr\/politique-de-confidentialite\/","og_site_name":"Pneumatron Suisse","article_modified_time":"2023-09-09T11:59:18+00:00","twitter_card":"summary_large_image","twitter_misc":{"Dur\u00e9e de lecture estim\u00e9e":"8 minutes"},"schema":{"@context":"https:\/\/schema.org","@graph":[{"@type":"WebPage","@id":"https:\/\/pneumatron.ch\/fr\/politique-de-confidentialite\/","url":"https:\/\/pneumatron.ch\/fr\/politique-de-confidentialite\/","name":"Politique de confidentialit\u00e9 - Pneumatron Suisse","isPartOf":{"@id":"https:\/\/pneumatron.ch\/fr\/#website"},"datePublished":"2021-09-09T01:39:18+00:00","dateModified":"2023-09-09T11:59:18+00:00","breadcrumb":{"@id":"https:\/\/pneumatron.ch\/fr\/politique-de-confidentialite\/#breadcrumb"},"inLanguage":"fr-FR","potentialAction":[{"@type":"ReadAction","target":["https:\/\/pneumatron.ch\/fr\/politique-de-confidentialite\/"]}]},{"@type":"BreadcrumbList","@id":"https:\/\/pneumatron.ch\/fr\/politique-de-confidentialite\/#breadcrumb","itemListElement":[{"@type":"ListItem","position":1,"name":"Startseite","item":"https:\/\/pneumatron.ch\/fr\/"},{"@type":"ListItem","position":2,"name":"Politique de confidentialit\u00e9"}]},{"@type":"WebSite","@id":"https:\/\/pneumatron.ch\/fr\/#website","url":"https:\/\/pneumatron.ch\/fr\/","name":"Pneumatron Suisse","description":"Technique unique de massage et de ventouses","publisher":{"@id":"https:\/\/pneumatron.ch\/fr\/#organization"},"potentialAction":[{"@type":"SearchAction","target":{"@type":"EntryPoint","urlTemplate":"https:\/\/pneumatron.ch\/fr\/?s={search_term_string}"},"query-input":{"@type":"PropertyValueSpecification","valueRequired":true,"valueName":"search_term_string"}}],"inLanguage":"fr-FR"},{"@type":"Organization","@id":"https:\/\/pneumatron.ch\/fr\/#organization","name":"Pneumatron Schweiz","url":"https:\/\/pneumatron.ch\/fr\/","logo":{"@type":"ImageObject","inLanguage":"fr-FR","@id":"https:\/\/pneumatron.ch\/fr\/#\/schema\/logo\/image\/","url":"https:\/\/pneumatron.ch\/wp-content\/uploads\/2022\/06\/Pneumatron-Schweiz.png","contentUrl":"https:\/\/pneumatron.ch\/wp-content\/uploads\/2022\/06\/Pneumatron-Schweiz.png","width":817,"height":333,"caption":"Pneumatron Schweiz"},"image":{"@id":"https:\/\/pneumatron.ch\/fr\/#\/schema\/logo\/image\/"}}]}},"_links":{"self":[{"href":"https:\/\/pneumatron.ch\/fr\/wp-json\/wp\/v2\/pages\/1589","targetHints":{"allow":["GET"]}}],"collection":[{"href":"https:\/\/pneumatron.ch\/fr\/wp-json\/wp\/v2\/pages"}],"about":[{"href":"https:\/\/pneumatron.ch\/fr\/wp-json\/wp\/v2\/types\/page"}],"author":[{"embeddable":true,"href":"https:\/\/pneumatron.ch\/fr\/wp-json\/wp\/v2\/users\/1"}],"replies":[{"embeddable":true,"href":"https:\/\/pneumatron.ch\/fr\/wp-json\/wp\/v2\/comments?post=1589"}],"version-history":[{"count":5,"href":"https:\/\/pneumatron.ch\/fr\/wp-json\/wp\/v2\/pages\/1589\/revisions"}],"predecessor-version":[{"id":3909,"href":"https:\/\/pneumatron.ch\/fr\/wp-json\/wp\/v2\/pages\/1589\/revisions\/3909"}],"wp:attachment":[{"href":"https:\/\/pneumatron.ch\/fr\/wp-json\/wp\/v2\/media?parent=1589"}],"curies":[{"name":"wp","href":"https:\/\/api.w.org\/{rel}","templated":true}]}}