{"id":1586,"date":"2021-09-09T03:34:20","date_gmt":"2021-09-09T01:34:20","guid":{"rendered":"https:\/\/pneumatron.ch\/index.php\/utilisateur\/"},"modified":"2022-10-20T12:20:31","modified_gmt":"2022-10-20T10:20:31","slug":"utilisateur","status":"publish","type":"page","link":"https:\/\/pneumatron.ch\/fr\/utilisateur\/","title":{"rendered":"Utilisateur"},"content":{"rendered":"\t\t<div data-elementor-type=\"wp-page\" data-elementor-id=\"1586\" class=\"elementor elementor-1586 elementor-491\">\n\t\t\t\t\t\t<section class=\"elementor-section elementor-top-section elementor-element elementor-element-e10e94f elementor-section-boxed elementor-section-height-default elementor-section-height-default\" data-id=\"e10e94f\" data-element_type=\"section\" data-e-type=\"section\">\n\t\t\t\t\t\t<div class=\"elementor-container elementor-column-gap-default\">\n\t\t\t\t\t<div class=\"elementor-column elementor-col-16 elementor-top-column elementor-element elementor-element-c213f23\" data-id=\"c213f23\" data-element_type=\"column\" data-e-type=\"column\">\n\t\t\t<div class=\"elementor-widget-wrap\">\n\t\t\t\t\t\t\t<\/div>\n\t\t<\/div>\n\t\t\t\t<div class=\"elementor-column elementor-col-66 elementor-top-column elementor-element elementor-element-51e40db\" data-id=\"51e40db\" data-element_type=\"column\" data-e-type=\"column\">\n\t\t\t<div class=\"elementor-widget-wrap elementor-element-populated\">\n\t\t\t\t\t\t<div class=\"elementor-element elementor-element-4217a29 elementor-widget elementor-widget-text-editor\" data-id=\"4217a29\" data-element_type=\"widget\" data-e-type=\"widget\" data-widget_type=\"text-editor.default\">\n\t\t\t\t<div class=\"elementor-widget-container\">\n\t\t\t\t\t\t\t\t\t<p>Trouvez ici les utilisateur\/-trice de Pneumatron pr\u00e8s de chez vous<\/p>\n\t\t\t\t\t\t\t\t<\/div>\n\t\t\t\t<\/div>\n\t\t\t\t\t<\/div>\n\t\t<\/div>\n\t\t\t\t<div class=\"elementor-column elementor-col-16 elementor-top-column elementor-element elementor-element-01deb8a\" data-id=\"01deb8a\" data-element_type=\"column\" data-e-type=\"column\">\n\t\t\t<div class=\"elementor-widget-wrap\">\n\t\t\t\t\t\t\t<\/div>\n\t\t<\/div>\n\t\t\t\t\t<\/div>\n\t\t<\/section>\n\t\t\t\t<section class=\"elementor-section elementor-top-section elementor-element elementor-element-ef0019f elementor-section-boxed elementor-section-height-default elementor-section-height-default\" data-id=\"ef0019f\" data-element_type=\"section\" data-e-type=\"section\" data-settings=\"{&quot;background_background&quot;:&quot;classic&quot;}\">\n\t\t\t\t\t\t\t<div class=\"elementor-background-overlay\"><\/div>\n\t\t\t\t\t\t\t<div class=\"elementor-container elementor-column-gap-default\">\n\t\t\t\t\t<div class=\"elementor-column elementor-col-100 elementor-top-column elementor-element elementor-element-437984d\" data-id=\"437984d\" data-element_type=\"column\" data-e-type=\"column\">\n\t\t\t<div class=\"elementor-widget-wrap elementor-element-populated\">\n\t\t\t\t\t\t<section class=\"elementor-section elementor-inner-section elementor-element elementor-element-4c034fc elementor-section-boxed elementor-section-height-default elementor-section-height-default\" data-id=\"4c034fc\" data-element_type=\"section\" data-e-type=\"section\">\n\t\t\t\t\t\t<div class=\"elementor-container elementor-column-gap-default\">\n\t\t\t\t\t<div class=\"elementor-column elementor-col-100 elementor-inner-column elementor-element elementor-element-45dfac9\" data-id=\"45dfac9\" data-element_type=\"column\" data-e-type=\"column\">\n\t\t\t<div class=\"elementor-widget-wrap elementor-element-populated\">\n\t\t\t\t\t\t<div class=\"elementor-element elementor-element-375c9c7 elementor-widget elementor-widget-text-editor\" data-id=\"375c9c7\" data-element_type=\"widget\" data-e-type=\"widget\" data-widget_type=\"text-editor.default\">\n\t\t\t\t<div class=\"elementor-widget-container\">\n\t\t\t\t\t\t\t\t\t<p><\/p>\n\t\t\t\t\t\t\t\t<\/div>\n\t\t\t\t<\/div>\n\t\t\t\t\t<\/div>\n\t\t<\/div>\n\t\t\t\t\t<\/div>\n\t\t<\/section>\n\t\t\t\t\t<\/div>\n\t\t<\/div>\n\t\t\t\t\t<\/div>\n\t\t<\/section>\n\t\t\t\t<section class=\"elementor-section elementor-top-section elementor-element elementor-element-7236c63 elementor-section-boxed elementor-section-height-default elementor-section-height-default\" data-id=\"7236c63\" data-element_type=\"section\" data-e-type=\"section\">\n\t\t\t\t\t\t<div class=\"elementor-container elementor-column-gap-default\">\n\t\t\t\t\t<div class=\"elementor-column elementor-col-16 elementor-top-column elementor-element elementor-element-958ebb6\" data-id=\"958ebb6\" data-element_type=\"column\" data-e-type=\"column\">\n\t\t\t<div class=\"elementor-widget-wrap\">\n\t\t\t\t\t\t\t<\/div>\n\t\t<\/div>\n\t\t\t\t<div class=\"elementor-column elementor-col-66 elementor-top-column elementor-element elementor-element-4782dac\" data-id=\"4782dac\" data-element_type=\"column\" data-e-type=\"column\">\n\t\t\t<div class=\"elementor-widget-wrap elementor-element-populated\">\n\t\t\t\t\t\t<div class=\"elementor-element elementor-element-b5bfcc7 elementor-widget elementor-widget-text-editor\" data-id=\"b5bfcc7\" data-element_type=\"widget\" data-e-type=\"widget\" data-widget_type=\"text-editor.default\">\n\t\t\t\t<div class=\"elementor-widget-container\">\n\t\t\t\t\t\t\t\t\t<p>Devenir masseur Pneumatron<\/p>\n\t\t\t\t\t\t\t\t<\/div>\n\t\t\t\t<\/div>\n\t\t\t\t<div class=\"elementor-element elementor-element-d542cbb elementor-widget elementor-widget-text-editor\" data-id=\"d542cbb\" data-element_type=\"widget\" data-e-type=\"widget\" data-widget_type=\"text-editor.default\">\n\t\t\t\t<div class=\"elementor-widget-container\">\n\t\t\t\t\t\t\t\t\t<p>Vous souhaitez proposer des massages puls\u00e9s \u00e0 air comprim\u00e9 dans votre entreprise. Alors \u00e9crivez-nous via le formulaire de contact et nous vous recontacterons. Nous nous r\u00e9jouissons de cette collaboration.<\/p>\n\t\t\t\t\t\t\t\t<\/div>\n\t\t\t\t<\/div>\n\t\t\t\t\t<\/div>\n\t\t<\/div>\n\t\t\t\t<div class=\"elementor-column elementor-col-16 elementor-top-column elementor-element elementor-element-c6badbf\" data-id=\"c6badbf\" data-element_type=\"column\" data-e-type=\"column\">\n\t\t\t<div class=\"elementor-widget-wrap elementor-element-populated\">\n\t\t\t\t\t\t<div class=\"elementor-element elementor-element-054383d elementor-widget elementor-widget-image\" data-id=\"054383d\" data-element_type=\"widget\" data-e-type=\"widget\" data-widget_type=\"image.default\">\n\t\t\t\t<div class=\"elementor-widget-container\">\n\t\t\t\t\t\t\t\t\t\t\t\t\t\t\t<img fetchpriority=\"high\" decoding=\"async\" width=\"446\" height=\"446\" src=\"https:\/\/pneumatron.ch\/wp-content\/uploads\/2021\/11\/Jetzt-Gratis-testen-Franz.png\" class=\"attachment-large size-large wp-image-1451\" alt=\"Massage Pneumatron\" srcset=\"https:\/\/pneumatron.ch\/wp-content\/uploads\/2021\/11\/Jetzt-Gratis-testen-Franz.png 446w, https:\/\/pneumatron.ch\/wp-content\/uploads\/2021\/11\/Jetzt-Gratis-testen-Franz-300x300.png 300w, https:\/\/pneumatron.ch\/wp-content\/uploads\/2021\/11\/Jetzt-Gratis-testen-Franz-150x150.png 150w, https:\/\/pneumatron.ch\/wp-content\/uploads\/2021\/11\/Jetzt-Gratis-testen-Franz-100x100.png 100w\" sizes=\"(max-width: 446px) 100vw, 446px\" \/>\t\t\t\t\t\t\t\t\t\t\t\t\t\t\t<\/div>\n\t\t\t\t<\/div>\n\t\t\t\t\t<\/div>\n\t\t<\/div>\n\t\t\t\t\t<\/div>\n\t\t<\/section>\n\t\t\t\t<section class=\"elementor-section elementor-top-section elementor-element elementor-element-832fa33 elementor-section-boxed elementor-section-height-default elementor-section-height-default\" data-id=\"832fa33\" data-element_type=\"section\" data-e-type=\"section\">\n\t\t\t\t\t\t<div class=\"elementor-container elementor-column-gap-default\">\n\t\t\t\t\t<div class=\"elementor-column elementor-col-33 elementor-top-column elementor-element elementor-element-71e48e7\" data-id=\"71e48e7\" data-element_type=\"column\" data-e-type=\"column\">\n\t\t\t<div class=\"elementor-widget-wrap\">\n\t\t\t\t\t\t\t<\/div>\n\t\t<\/div>\n\t\t\t\t<div class=\"elementor-column elementor-col-33 elementor-top-column elementor-element elementor-element-146e83f\" data-id=\"146e83f\" data-element_type=\"column\" data-e-type=\"column\">\n\t\t\t<div class=\"elementor-widget-wrap elementor-element-populated\">\n\t\t\t\t\t\t<div class=\"elementor-element elementor-element-d9d6316 elementor-align-center elementor-invisible elementor-widget elementor-widget-button\" data-id=\"d9d6316\" data-element_type=\"widget\" data-e-type=\"widget\" data-settings=\"{&quot;_animation&quot;:&quot;zoomIn&quot;,&quot;_animation_mobile&quot;:&quot;zoomIn&quot;}\" data-widget_type=\"button.default\">\n\t\t\t\t<div class=\"elementor-widget-container\">\n\t\t\t\t\t\t\t\t\t<div class=\"elementor-button-wrapper\">\n\t\t\t\t\t<a class=\"elementor-button elementor-button-link elementor-size-sm\" href=\"https:\/\/pneumatron.ch\/fr\/contact\/\">\n\t\t\t\t\t\t<span class=\"elementor-button-content-wrapper\">\n\t\t\t\t\t\t\t\t\t<span class=\"elementor-button-text\">Postuler pour un partenariat<\/span>\n\t\t\t\t\t<\/span>\n\t\t\t\t\t<\/a>\n\t\t\t\t<\/div>\n\t\t\t\t\t\t\t\t<\/div>\n\t\t\t\t<\/div>\n\t\t\t\t\t<\/div>\n\t\t<\/div>\n\t\t\t\t<div class=\"elementor-column elementor-col-33 elementor-top-column elementor-element elementor-element-626c45c\" data-id=\"626c45c\" data-element_type=\"column\" data-e-type=\"column\">\n\t\t\t<div class=\"elementor-widget-wrap\">\n\t\t\t\t\t\t\t<\/div>\n\t\t<\/div>\n\t\t\t\t\t<\/div>\n\t\t<\/section>\n\t\t\t\t<\/div>\n\t\t","protected":false},"excerpt":{"rendered":"<p>Trouvez ici les utilisateur\/-trice de Pneumatron pr\u00e8s de chez vous Devenir masseur Pneumatron Vous souhaitez proposer des massages puls\u00e9s \u00e0 air comprim\u00e9 dans votre entreprise. Alors \u00e9crivez-nous via le formulaire de contact et nous vous recontacterons. Nous nous r\u00e9jouissons de cette collaboration. Postuler pour un partenariat<\/p>\n","protected":false},"author":1,"featured_media":0,"parent":0,"menu_order":0,"comment_status":"closed","ping_status":"closed","template":"","meta":{"inline_featured_image":false,"ocean_post_layout":"","ocean_both_sidebars_style":"","ocean_both_sidebars_content_width":0,"ocean_both_sidebars_sidebars_width":0,"ocean_sidebar":"0","ocean_second_sidebar":"0","ocean_disable_margins":"enable","ocean_add_body_class":"","ocean_shortcode_before_top_bar":"","ocean_shortcode_after_top_bar":"","ocean_shortcode_before_header":"","ocean_shortcode_after_header":"","ocean_has_shortcode":"","ocean_shortcode_after_title":"","ocean_shortcode_before_footer_widgets":"","ocean_shortcode_after_footer_widgets":"","ocean_shortcode_before_footer_bottom":"","ocean_shortcode_after_footer_bottom":"","ocean_display_top_bar":"default","ocean_display_header":"default","ocean_header_style":"","ocean_center_header_left_menu":"0","ocean_custom_header_template":"0","ocean_custom_logo":0,"ocean_custom_retina_logo":0,"ocean_custom_logo_max_width":0,"ocean_custom_logo_tablet_max_width":0,"ocean_custom_logo_mobile_max_width":0,"ocean_custom_logo_max_height":0,"ocean_custom_logo_tablet_max_height":0,"ocean_custom_logo_mobile_max_height":0,"ocean_header_custom_menu":"0","ocean_menu_typo_font_family":"0","ocean_menu_typo_font_subset":"","ocean_menu_typo_font_size":0,"ocean_menu_typo_font_size_tablet":0,"ocean_menu_typo_font_size_mobile":0,"ocean_menu_typo_font_size_unit":"px","ocean_menu_typo_font_weight":"","ocean_menu_typo_font_weight_tablet":"","ocean_menu_typo_font_weight_mobile":"","ocean_menu_typo_transform":"","ocean_menu_typo_transform_tablet":"","ocean_menu_typo_transform_mobile":"","ocean_menu_typo_line_height":0,"ocean_menu_typo_line_height_tablet":0,"ocean_menu_typo_line_height_mobile":0,"ocean_menu_typo_line_height_unit":"","ocean_menu_typo_spacing":0,"ocean_menu_typo_spacing_tablet":0,"ocean_menu_typo_spacing_mobile":0,"ocean_menu_typo_spacing_unit":"","ocean_menu_link_color":"","ocean_menu_link_color_hover":"","ocean_menu_link_color_active":"","ocean_menu_link_background":"","ocean_menu_link_hover_background":"","ocean_menu_link_active_background":"","ocean_menu_social_links_bg":"","ocean_menu_social_hover_links_bg":"","ocean_menu_social_links_color":"","ocean_menu_social_hover_links_color":"","ocean_disable_title":"default","ocean_disable_heading":"default","ocean_post_title":"","ocean_post_subheading":"","ocean_post_title_style":"","ocean_post_title_background_color":"","ocean_post_title_background":0,"ocean_post_title_bg_image_position":"","ocean_post_title_bg_image_attachment":"","ocean_post_title_bg_image_repeat":"","ocean_post_title_bg_image_size":"","ocean_post_title_height":0,"ocean_post_title_bg_overlay":0.5,"ocean_post_title_bg_overlay_color":"","ocean_disable_breadcrumbs":"default","ocean_breadcrumbs_color":"","ocean_breadcrumbs_separator_color":"","ocean_breadcrumbs_links_color":"","ocean_breadcrumbs_links_hover_color":"","ocean_display_footer_widgets":"default","ocean_display_footer_bottom":"default","ocean_custom_footer_template":"0","footnotes":""},"class_list":["post-1586","page","type-page","status-publish","hentry","entry","owp-thumbs-layout-horizontal","owp-btn-normal","owp-tabs-layout-horizontal","has-no-thumbnails","has-product-nav"],"yoast_head":"<!-- This site is optimized with the Yoast SEO plugin v27.1.1 - https:\/\/yoast.com\/product\/yoast-seo-wordpress\/ -->\n<title>Trouver un partenaire Pneumatron<\/title>\n<meta name=\"description\" content=\"Faites-vous soigner par des entreprises partenaires de Pneumatron. Vous trouverez ici un aper\u00e7u des prestataires pr\u00e8s de chez vous.\" \/>\n<meta name=\"robots\" content=\"index, follow, max-snippet:-1, max-image-preview:large, max-video-preview:-1\" \/>\n<link rel=\"canonical\" href=\"https:\/\/pneumatron.ch\/fr\/utilisateur\/\" \/>\n<meta property=\"og:locale\" content=\"fr_FR\" \/>\n<meta property=\"og:type\" content=\"article\" \/>\n<meta property=\"og:title\" content=\"Trouver un partenaire Pneumatron\" \/>\n<meta property=\"og:description\" content=\"Faites-vous soigner par des entreprises partenaires de Pneumatron. Vous trouverez ici un aper\u00e7u des prestataires pr\u00e8s de chez vous.\" \/>\n<meta property=\"og:url\" content=\"https:\/\/pneumatron.ch\/fr\/utilisateur\/\" \/>\n<meta property=\"og:site_name\" content=\"Pneumatron Suisse\" \/>\n<meta property=\"article:modified_time\" content=\"2022-10-20T10:20:31+00:00\" \/>\n<meta property=\"og:image\" content=\"https:\/\/pneumatron.ch\/wp-content\/uploads\/2020\/02\/Jetzt-gratis-testen.png\" \/>\n<meta name=\"twitter:card\" content=\"summary_large_image\" \/>\n<script type=\"application\/ld+json\" class=\"yoast-schema-graph\">{\"@context\":\"https:\/\/schema.org\",\"@graph\":[{\"@type\":\"WebPage\",\"@id\":\"https:\/\/pneumatron.ch\/fr\/utilisateur\/\",\"url\":\"https:\/\/pneumatron.ch\/fr\/utilisateur\/\",\"name\":\"Trouver un partenaire Pneumatron\",\"isPartOf\":{\"@id\":\"https:\/\/pneumatron.ch\/fr\/#website\"},\"primaryImageOfPage\":{\"@id\":\"https:\/\/pneumatron.ch\/fr\/utilisateur\/#primaryimage\"},\"image\":{\"@id\":\"https:\/\/pneumatron.ch\/fr\/utilisateur\/#primaryimage\"},\"thumbnailUrl\":\"https:\/\/pneumatron.ch\/wp-content\/uploads\/2020\/02\/Jetzt-gratis-testen.png\",\"datePublished\":\"2021-09-09T01:34:20+00:00\",\"dateModified\":\"2022-10-20T10:20:31+00:00\",\"description\":\"Faites-vous soigner par des entreprises partenaires de Pneumatron. Vous trouverez ici un aper\u00e7u des prestataires pr\u00e8s de chez vous.\",\"breadcrumb\":{\"@id\":\"https:\/\/pneumatron.ch\/fr\/utilisateur\/#breadcrumb\"},\"inLanguage\":\"fr-FR\",\"potentialAction\":[{\"@type\":\"ReadAction\",\"target\":[\"https:\/\/pneumatron.ch\/fr\/utilisateur\/\"]}]},{\"@type\":\"ImageObject\",\"inLanguage\":\"fr-FR\",\"@id\":\"https:\/\/pneumatron.ch\/fr\/utilisateur\/#primaryimage\",\"url\":\"https:\/\/pneumatron.ch\/wp-content\/uploads\/2020\/02\/Jetzt-gratis-testen.png\",\"contentUrl\":\"https:\/\/pneumatron.ch\/wp-content\/uploads\/2020\/02\/Jetzt-gratis-testen.png\"},{\"@type\":\"BreadcrumbList\",\"@id\":\"https:\/\/pneumatron.ch\/fr\/utilisateur\/#breadcrumb\",\"itemListElement\":[{\"@type\":\"ListItem\",\"position\":1,\"name\":\"Startseite\",\"item\":\"https:\/\/pneumatron.ch\/fr\/\"},{\"@type\":\"ListItem\",\"position\":2,\"name\":\"Utilisateur\"}]},{\"@type\":\"WebSite\",\"@id\":\"https:\/\/pneumatron.ch\/fr\/#website\",\"url\":\"https:\/\/pneumatron.ch\/fr\/\",\"name\":\"Pneumatron Suisse\",\"description\":\"Technique unique de massage et de ventouses\",\"publisher\":{\"@id\":\"https:\/\/pneumatron.ch\/fr\/#organization\"},\"potentialAction\":[{\"@type\":\"SearchAction\",\"target\":{\"@type\":\"EntryPoint\",\"urlTemplate\":\"https:\/\/pneumatron.ch\/fr\/?s={search_term_string}\"},\"query-input\":{\"@type\":\"PropertyValueSpecification\",\"valueRequired\":true,\"valueName\":\"search_term_string\"}}],\"inLanguage\":\"fr-FR\"},{\"@type\":\"Organization\",\"@id\":\"https:\/\/pneumatron.ch\/fr\/#organization\",\"name\":\"Pneumatron Schweiz\",\"url\":\"https:\/\/pneumatron.ch\/fr\/\",\"logo\":{\"@type\":\"ImageObject\",\"inLanguage\":\"fr-FR\",\"@id\":\"https:\/\/pneumatron.ch\/fr\/#\/schema\/logo\/image\/\",\"url\":\"https:\/\/pneumatron.ch\/wp-content\/uploads\/2022\/06\/Pneumatron-Schweiz.png\",\"contentUrl\":\"https:\/\/pneumatron.ch\/wp-content\/uploads\/2022\/06\/Pneumatron-Schweiz.png\",\"width\":817,\"height\":333,\"caption\":\"Pneumatron Schweiz\"},\"image\":{\"@id\":\"https:\/\/pneumatron.ch\/fr\/#\/schema\/logo\/image\/\"}}]}<\/script>\n<!-- \/ Yoast SEO plugin. -->","yoast_head_json":{"title":"Trouver un partenaire Pneumatron","description":"Faites-vous soigner par des entreprises partenaires de Pneumatron. Vous trouverez ici un aper\u00e7u des prestataires pr\u00e8s de chez vous.","robots":{"index":"index","follow":"follow","max-snippet":"max-snippet:-1","max-image-preview":"max-image-preview:large","max-video-preview":"max-video-preview:-1"},"canonical":"https:\/\/pneumatron.ch\/fr\/utilisateur\/","og_locale":"fr_FR","og_type":"article","og_title":"Trouver un partenaire Pneumatron","og_description":"Faites-vous soigner par des entreprises partenaires de Pneumatron. Vous trouverez ici un aper\u00e7u des prestataires pr\u00e8s de chez vous.","og_url":"https:\/\/pneumatron.ch\/fr\/utilisateur\/","og_site_name":"Pneumatron Suisse","article_modified_time":"2022-10-20T10:20:31+00:00","og_image":[{"url":"https:\/\/pneumatron.ch\/wp-content\/uploads\/2020\/02\/Jetzt-gratis-testen.png","type":"","width":"","height":""}],"twitter_card":"summary_large_image","schema":{"@context":"https:\/\/schema.org","@graph":[{"@type":"WebPage","@id":"https:\/\/pneumatron.ch\/fr\/utilisateur\/","url":"https:\/\/pneumatron.ch\/fr\/utilisateur\/","name":"Trouver un partenaire Pneumatron","isPartOf":{"@id":"https:\/\/pneumatron.ch\/fr\/#website"},"primaryImageOfPage":{"@id":"https:\/\/pneumatron.ch\/fr\/utilisateur\/#primaryimage"},"image":{"@id":"https:\/\/pneumatron.ch\/fr\/utilisateur\/#primaryimage"},"thumbnailUrl":"https:\/\/pneumatron.ch\/wp-content\/uploads\/2020\/02\/Jetzt-gratis-testen.png","datePublished":"2021-09-09T01:34:20+00:00","dateModified":"2022-10-20T10:20:31+00:00","description":"Faites-vous soigner par des entreprises partenaires de Pneumatron. Vous trouverez ici un aper\u00e7u des prestataires pr\u00e8s de chez vous.","breadcrumb":{"@id":"https:\/\/pneumatron.ch\/fr\/utilisateur\/#breadcrumb"},"inLanguage":"fr-FR","potentialAction":[{"@type":"ReadAction","target":["https:\/\/pneumatron.ch\/fr\/utilisateur\/"]}]},{"@type":"ImageObject","inLanguage":"fr-FR","@id":"https:\/\/pneumatron.ch\/fr\/utilisateur\/#primaryimage","url":"https:\/\/pneumatron.ch\/wp-content\/uploads\/2020\/02\/Jetzt-gratis-testen.png","contentUrl":"https:\/\/pneumatron.ch\/wp-content\/uploads\/2020\/02\/Jetzt-gratis-testen.png"},{"@type":"BreadcrumbList","@id":"https:\/\/pneumatron.ch\/fr\/utilisateur\/#breadcrumb","itemListElement":[{"@type":"ListItem","position":1,"name":"Startseite","item":"https:\/\/pneumatron.ch\/fr\/"},{"@type":"ListItem","position":2,"name":"Utilisateur"}]},{"@type":"WebSite","@id":"https:\/\/pneumatron.ch\/fr\/#website","url":"https:\/\/pneumatron.ch\/fr\/","name":"Pneumatron Suisse","description":"Technique unique de massage et de ventouses","publisher":{"@id":"https:\/\/pneumatron.ch\/fr\/#organization"},"potentialAction":[{"@type":"SearchAction","target":{"@type":"EntryPoint","urlTemplate":"https:\/\/pneumatron.ch\/fr\/?s={search_term_string}"},"query-input":{"@type":"PropertyValueSpecification","valueRequired":true,"valueName":"search_term_string"}}],"inLanguage":"fr-FR"},{"@type":"Organization","@id":"https:\/\/pneumatron.ch\/fr\/#organization","name":"Pneumatron Schweiz","url":"https:\/\/pneumatron.ch\/fr\/","logo":{"@type":"ImageObject","inLanguage":"fr-FR","@id":"https:\/\/pneumatron.ch\/fr\/#\/schema\/logo\/image\/","url":"https:\/\/pneumatron.ch\/wp-content\/uploads\/2022\/06\/Pneumatron-Schweiz.png","contentUrl":"https:\/\/pneumatron.ch\/wp-content\/uploads\/2022\/06\/Pneumatron-Schweiz.png","width":817,"height":333,"caption":"Pneumatron Schweiz"},"image":{"@id":"https:\/\/pneumatron.ch\/fr\/#\/schema\/logo\/image\/"}}]}},"_links":{"self":[{"href":"https:\/\/pneumatron.ch\/fr\/wp-json\/wp\/v2\/pages\/1586","targetHints":{"allow":["GET"]}}],"collection":[{"href":"https:\/\/pneumatron.ch\/fr\/wp-json\/wp\/v2\/pages"}],"about":[{"href":"https:\/\/pneumatron.ch\/fr\/wp-json\/wp\/v2\/types\/page"}],"author":[{"embeddable":true,"href":"https:\/\/pneumatron.ch\/fr\/wp-json\/wp\/v2\/users\/1"}],"replies":[{"embeddable":true,"href":"https:\/\/pneumatron.ch\/fr\/wp-json\/wp\/v2\/comments?post=1586"}],"version-history":[{"count":109,"href":"https:\/\/pneumatron.ch\/fr\/wp-json\/wp\/v2\/pages\/1586\/revisions"}],"predecessor-version":[{"id":3583,"href":"https:\/\/pneumatron.ch\/fr\/wp-json\/wp\/v2\/pages\/1586\/revisions\/3583"}],"wp:attachment":[{"href":"https:\/\/pneumatron.ch\/fr\/wp-json\/wp\/v2\/media?parent=1586"}],"curies":[{"name":"wp","href":"https:\/\/api.w.org\/{rel}","templated":true}]}}