{"id":1557,"date":"2021-09-09T03:06:35","date_gmt":"2021-09-09T01:06:35","guid":{"rendered":"https:\/\/pneumatron.ch\/index.php\/dos\/"},"modified":"2021-11-18T12:58:37","modified_gmt":"2021-11-18T11:58:37","slug":"dos","status":"publish","type":"page","link":"https:\/\/pneumatron.ch\/fr\/dos\/","title":{"rendered":"dos"},"content":{"rendered":"\t\t<div data-elementor-type=\"wp-page\" data-elementor-id=\"1557\" class=\"elementor elementor-1557 elementor-580\">\n\t\t\t\t\t\t<section class=\"elementor-section elementor-top-section elementor-element elementor-element-4d11e2b elementor-section-boxed elementor-section-height-default elementor-section-height-default\" data-id=\"4d11e2b\" data-element_type=\"section\" data-e-type=\"section\">\n\t\t\t\t\t\t<div class=\"elementor-container elementor-column-gap-default\">\n\t\t\t\t\t<div class=\"elementor-column elementor-col-16 elementor-top-column elementor-element elementor-element-d3b8301\" data-id=\"d3b8301\" data-element_type=\"column\" data-e-type=\"column\">\n\t\t\t<div class=\"elementor-widget-wrap\">\n\t\t\t\t\t\t\t<\/div>\n\t\t<\/div>\n\t\t\t\t<div class=\"elementor-column elementor-col-66 elementor-top-column elementor-element elementor-element-278c160\" data-id=\"278c160\" data-element_type=\"column\" data-e-type=\"column\">\n\t\t\t<div class=\"elementor-widget-wrap elementor-element-populated\">\n\t\t\t\t\t\t<div class=\"elementor-element elementor-element-5ac7c06 elementor-widget elementor-widget-text-editor\" data-id=\"5ac7c06\" data-element_type=\"widget\" data-e-type=\"widget\" data-widget_type=\"text-editor.default\">\n\t\t\t\t<div class=\"elementor-widget-container\">\n\t\t\t\t\t\t\t\t\t<p>Possibilit\u00e9 d&rsquo;utilisation dans la zone du dos<\/p>\n\t\t\t\t\t\t\t\t<\/div>\n\t\t\t\t<\/div>\n\t\t\t\t\t<\/div>\n\t\t<\/div>\n\t\t\t\t<div class=\"elementor-column elementor-col-16 elementor-top-column elementor-element elementor-element-37a38f2\" data-id=\"37a38f2\" data-element_type=\"column\" data-e-type=\"column\">\n\t\t\t<div class=\"elementor-widget-wrap\">\n\t\t\t\t\t\t\t<\/div>\n\t\t<\/div>\n\t\t\t\t\t<\/div>\n\t\t<\/section>\n\t\t\t\t<section class=\"elementor-section elementor-top-section elementor-element elementor-element-fe168b1 elementor-section-boxed elementor-section-height-default elementor-section-height-default\" data-id=\"fe168b1\" data-element_type=\"section\" data-e-type=\"section\">\n\t\t\t\t\t\t<div class=\"elementor-container elementor-column-gap-default\">\n\t\t\t\t\t<div class=\"elementor-column elementor-col-100 elementor-top-column elementor-element elementor-element-88f7ce1\" data-id=\"88f7ce1\" data-element_type=\"column\" data-e-type=\"column\">\n\t\t\t<div class=\"elementor-widget-wrap elementor-element-populated\">\n\t\t\t\t\t\t<div class=\"elementor-element elementor-element-06463b7 elementor-widget elementor-widget-text-editor\" data-id=\"06463b7\" data-element_type=\"widget\" data-e-type=\"widget\" data-widget_type=\"text-editor.default\">\n\t\t\t\t<div class=\"elementor-widget-container\">\n\t\t\t\t\t\t\t\t\t<p>La douleur dans la r\u00e9gion du dos est caus\u00e9e, entre autres, par des activit\u00e9s s\u00e9dentaires, une charge unilat\u00e9rale, un manque d\u2019exercice, des hernies discales, des blessures sportives ou une mauvaise posture. La douleur ne vous affecte pas seulement au quotidien, elle perturbe \u00e9galement consid\u00e9rablement votre sommeil et peut tr\u00e8s vite devenir chronique.<\/p>\n<p>Avec Pneumatron\u00ae, vous pouvez rompre le cycle de la douleur, car les tissus sont d\u00e9tendus et mieux aliment\u00e9s gr\u00e2ce \u00e0 l&rsquo;am\u00e9lioration de la circulation sanguine vers les plus petits vaisseaux et muscles. Les adh\u00e9rences sont \u00e9limin\u00e9es et les nutriments sont apport\u00e9s aux parties affect\u00e9es du corps gr\u00e2ce \u00e0 l&rsquo;am\u00e9lioration de la circulation sanguine. Le tissu \u00e9limine \u00e9galement plus facilement les m\u00e9diateurs inflammatoires en raison de l&rsquo;am\u00e9lioration de la circulation sanguine et lymphatique.<\/p>\n<p>Une <a href=\"http:\/\/pneumatron.de\/studie_nackenschmerz.pdf\">\u00e9tude clinique<\/a> a prouv\u00e9 l&rsquo;effet positif de Pneumatron\u00ae sur les affections du rachis cervical.<br \/>\nIl est \u00e9galement possible d&rsquo;utiliser Pneumatron sur les cheveux, dans la r\u00e9gion du cou et \u00e0 la base du cr\u00e2ne.<\/p>\n\t\t\t\t\t\t\t\t<\/div>\n\t\t\t\t<\/div>\n\t\t\t\t\t<\/div>\n\t\t<\/div>\n\t\t\t\t\t<\/div>\n\t\t<\/section>\n\t\t\t\t<section class=\"elementor-section elementor-top-section elementor-element elementor-element-9349441 elementor-section-boxed elementor-section-height-default elementor-section-height-default\" data-id=\"9349441\" data-element_type=\"section\" data-e-type=\"section\">\n\t\t\t\t\t\t<div class=\"elementor-container elementor-column-gap-default\">\n\t\t\t\t\t<div class=\"elementor-column elementor-col-100 elementor-top-column elementor-element elementor-element-a5bcfe4\" data-id=\"a5bcfe4\" data-element_type=\"column\" data-e-type=\"column\">\n\t\t\t<div class=\"elementor-widget-wrap elementor-element-populated\">\n\t\t\t\t\t\t<div class=\"elementor-element elementor-element-e31f0db elementor-widget elementor-widget-image\" data-id=\"e31f0db\" data-element_type=\"widget\" data-e-type=\"widget\" data-widget_type=\"image.default\">\n\t\t\t\t<div class=\"elementor-widget-container\">\n\t\t\t\t\t\t\t\t\t\t\t\t\t\t\t<img fetchpriority=\"high\" decoding=\"async\" width=\"1000\" height=\"667\" src=\"https:\/\/pneumatron.ch\/wp-content\/uploads\/2020\/02\/R\u00fccken.jpg\" class=\"attachment-large size-large wp-image-1559\" alt=\"Behandlung mit Massagegeraet \/ Schroepfgeraet\" srcset=\"https:\/\/pneumatron.ch\/wp-content\/uploads\/2020\/02\/R\u00fccken.jpg 1000w, https:\/\/pneumatron.ch\/wp-content\/uploads\/2020\/02\/R\u00fccken-300x200.jpg 300w, https:\/\/pneumatron.ch\/wp-content\/uploads\/2020\/02\/R\u00fccken-768x512.jpg 768w, https:\/\/pneumatron.ch\/wp-content\/uploads\/2020\/02\/R\u00fccken-600x400.jpg 600w\" sizes=\"(max-width: 1000px) 100vw, 1000px\" \/>\t\t\t\t\t\t\t\t\t\t\t\t\t\t\t<\/div>\n\t\t\t\t<\/div>\n\t\t\t\t\t<\/div>\n\t\t<\/div>\n\t\t\t\t\t<\/div>\n\t\t<\/section>\n\t\t\t\t<section class=\"elementor-section elementor-top-section elementor-element elementor-element-6e4807f elementor-section-boxed elementor-section-height-default elementor-section-height-default\" data-id=\"6e4807f\" data-element_type=\"section\" data-e-type=\"section\">\n\t\t\t\t\t\t<div class=\"elementor-container elementor-column-gap-default\">\n\t\t\t\t\t<div class=\"elementor-column elementor-col-100 elementor-top-column elementor-element elementor-element-ca51d11\" data-id=\"ca51d11\" data-element_type=\"column\" data-e-type=\"column\">\n\t\t\t<div class=\"elementor-widget-wrap elementor-element-populated\">\n\t\t\t\t\t\t<div class=\"elementor-element elementor-element-63bad6c elementor-widget elementor-widget-text-editor\" data-id=\"63bad6c\" data-element_type=\"widget\" data-e-type=\"widget\" data-widget_type=\"text-editor.default\">\n\t\t\t\t<div class=\"elementor-widget-container\">\n\t\t\t\t\t\t\t\t\t<p>Placez les grosses ventouses en silicone avec les anneaux de fixation sur les zones douloureuses et laissez-les pulser quelques minutes. Vous pouvez commencer par le tuyau simple. Avec un peu de pratique, vous pouvez \u00e9galement utiliser le tuyau double sans l\u2019aide de personne. Vous pouvez utiliser le MPAC avec ou sans huile de massage. Faites attention \u00e0 l&rsquo;intensit\u00e9 et \u00e0 la dur\u00e9e de l&rsquo;application. L\u2019application doit toujours \u00eatre agr\u00e9able.<br \/>\nLa zone du rachis cervical est \u00e9galement facile \u00e0 traiter avec le tube simple et la ventouse centrale en verre acrylique (37\u00a0mm).<\/p>\n<p>Traitement partenaire<\/p>\n<p>Prenez les ventouses de votre choix et massez tout le dos. Avec les huiles de massage, les ventouses glissent toutes seules sur tout votre dos. Vous pouvez \u00e9galement utiliser Pneumatron sur la colonne vert\u00e9brale car vous n&rsquo;exercez aucune pression.<\/p>\n<p>Le MPAC continue d&rsquo;agir jusqu&rsquo;\u00e0 48\u00a0heures. Application\u00a0: environ 2 \u00e0 3\u00a0fois par semaine.<\/p>\n<p>Le traitement sera d\u2019autant plus efficace si vous buvez un grand verre d&rsquo;eau ou une tisane non sucr\u00e9e imm\u00e9diatement avant et apr\u00e8s l&rsquo;application.<\/p>\n<p>Si le r\u00e9glage est trop fort, ou si vous appliquez Pneumatron au m\u00eame endroit pendant tr\u00e8s longtemps, un h\u00e9matome peut se former. Les h\u00e9matomes sont r\u00e9sorb\u00e9s par le corps en quelques jours. S\u00e9lectionnez ensuite une dur\u00e9e d&rsquo;application plus courte et un r\u00e9glage plus faible. Commencez au d\u00e9but \u00e0 faible intensit\u00e9. Le traitement doit toujours \u00eatre agr\u00e9able et la sensation est propre \u00e0 chacun(e).<\/p>\n\t\t\t\t\t\t\t\t<\/div>\n\t\t\t\t<\/div>\n\t\t\t\t\t<\/div>\n\t\t<\/div>\n\t\t\t\t\t<\/div>\n\t\t<\/section>\n\t\t\t\t<section class=\"elementor-section elementor-top-section elementor-element elementor-element-1fd3bb7 elementor-section-boxed elementor-section-height-default elementor-section-height-default\" data-id=\"1fd3bb7\" data-element_type=\"section\" data-e-type=\"section\">\n\t\t\t\t\t\t<div class=\"elementor-container elementor-column-gap-default\">\n\t\t\t\t\t<div class=\"elementor-column elementor-col-33 elementor-top-column elementor-element elementor-element-1e89633\" data-id=\"1e89633\" data-element_type=\"column\" data-e-type=\"column\">\n\t\t\t<div class=\"elementor-widget-wrap\">\n\t\t\t\t\t\t\t<\/div>\n\t\t<\/div>\n\t\t\t\t<div class=\"elementor-column elementor-col-33 elementor-top-column elementor-element elementor-element-8944fcf\" data-id=\"8944fcf\" data-element_type=\"column\" data-e-type=\"column\">\n\t\t\t<div class=\"elementor-widget-wrap elementor-element-populated\">\n\t\t\t\t\t\t<div class=\"elementor-element elementor-element-7c16421 elementor-align-center elementor-invisible elementor-widget elementor-widget-button\" data-id=\"7c16421\" data-element_type=\"widget\" data-e-type=\"widget\" data-settings=\"{&quot;_animation&quot;:&quot;zoomIn&quot;,&quot;_animation_mobile&quot;:&quot;zoomIn&quot;}\" data-widget_type=\"button.default\">\n\t\t\t\t<div class=\"elementor-widget-container\">\n\t\t\t\t\t\t\t\t\t<div class=\"elementor-button-wrapper\">\n\t\t\t\t\t<a class=\"elementor-button elementor-button-link elementor-size-sm\" href=\"https:\/\/pneumatron.ch\/fr\/domaines-dapplication\/\">\n\t\t\t\t\t\t<span class=\"elementor-button-content-wrapper\">\n\t\t\t\t\t\t\t\t\t<span class=\"elementor-button-text\">Retour \u00e0 l'aper\u00e7u<\/span>\n\t\t\t\t\t<\/span>\n\t\t\t\t\t<\/a>\n\t\t\t\t<\/div>\n\t\t\t\t\t\t\t\t<\/div>\n\t\t\t\t<\/div>\n\t\t\t\t\t<\/div>\n\t\t<\/div>\n\t\t\t\t<div class=\"elementor-column elementor-col-33 elementor-top-column elementor-element elementor-element-00e3d24\" data-id=\"00e3d24\" data-element_type=\"column\" data-e-type=\"column\">\n\t\t\t<div class=\"elementor-widget-wrap\">\n\t\t\t\t\t\t\t<\/div>\n\t\t<\/div>\n\t\t\t\t\t<\/div>\n\t\t<\/section>\n\t\t\t\t<\/div>\n\t\t","protected":false},"excerpt":{"rendered":"<p>Possibilit\u00e9 d&rsquo;utilisation dans la zone du dos La douleur dans la r\u00e9gion du dos est caus\u00e9e, entre autres, par des activit\u00e9s s\u00e9dentaires, une charge unilat\u00e9rale, un manque d\u2019exercice, des hernies discales, des blessures sportives ou une mauvaise posture. La douleur ne vous affecte pas seulement au quotidien, elle perturbe \u00e9galement consid\u00e9rablement votre sommeil et peut [&hellip;]<\/p>\n","protected":false},"author":1,"featured_media":0,"parent":0,"menu_order":0,"comment_status":"closed","ping_status":"closed","template":"","meta":{"inline_featured_image":false,"ocean_post_layout":"","ocean_both_sidebars_style":"","ocean_both_sidebars_content_width":0,"ocean_both_sidebars_sidebars_width":0,"ocean_sidebar":"0","ocean_second_sidebar":"0","ocean_disable_margins":"enable","ocean_add_body_class":"","ocean_shortcode_before_top_bar":"","ocean_shortcode_after_top_bar":"","ocean_shortcode_before_header":"","ocean_shortcode_after_header":"","ocean_has_shortcode":"","ocean_shortcode_after_title":"","ocean_shortcode_before_footer_widgets":"","ocean_shortcode_after_footer_widgets":"","ocean_shortcode_before_footer_bottom":"","ocean_shortcode_after_footer_bottom":"","ocean_display_top_bar":"default","ocean_display_header":"default","ocean_header_style":"","ocean_center_header_left_menu":"0","ocean_custom_header_template":"0","ocean_custom_logo":0,"ocean_custom_retina_logo":0,"ocean_custom_logo_max_width":0,"ocean_custom_logo_tablet_max_width":0,"ocean_custom_logo_mobile_max_width":0,"ocean_custom_logo_max_height":0,"ocean_custom_logo_tablet_max_height":0,"ocean_custom_logo_mobile_max_height":0,"ocean_header_custom_menu":"0","ocean_menu_typo_font_family":"0","ocean_menu_typo_font_subset":"","ocean_menu_typo_font_size":0,"ocean_menu_typo_font_size_tablet":0,"ocean_menu_typo_font_size_mobile":0,"ocean_menu_typo_font_size_unit":"px","ocean_menu_typo_font_weight":"","ocean_menu_typo_font_weight_tablet":"","ocean_menu_typo_font_weight_mobile":"","ocean_menu_typo_transform":"","ocean_menu_typo_transform_tablet":"","ocean_menu_typo_transform_mobile":"","ocean_menu_typo_line_height":0,"ocean_menu_typo_line_height_tablet":0,"ocean_menu_typo_line_height_mobile":0,"ocean_menu_typo_line_height_unit":"","ocean_menu_typo_spacing":0,"ocean_menu_typo_spacing_tablet":0,"ocean_menu_typo_spacing_mobile":0,"ocean_menu_typo_spacing_unit":"","ocean_menu_link_color":"","ocean_menu_link_color_hover":"","ocean_menu_link_color_active":"","ocean_menu_link_background":"","ocean_menu_link_hover_background":"","ocean_menu_link_active_background":"","ocean_menu_social_links_bg":"","ocean_menu_social_hover_links_bg":"","ocean_menu_social_links_color":"","ocean_menu_social_hover_links_color":"","ocean_disable_title":"default","ocean_disable_heading":"default","ocean_post_title":"","ocean_post_subheading":"","ocean_post_title_style":"","ocean_post_title_background_color":"","ocean_post_title_background":0,"ocean_post_title_bg_image_position":"","ocean_post_title_bg_image_attachment":"","ocean_post_title_bg_image_repeat":"","ocean_post_title_bg_image_size":"","ocean_post_title_height":0,"ocean_post_title_bg_overlay":0.5,"ocean_post_title_bg_overlay_color":"","ocean_disable_breadcrumbs":"default","ocean_breadcrumbs_color":"","ocean_breadcrumbs_separator_color":"","ocean_breadcrumbs_links_color":"","ocean_breadcrumbs_links_hover_color":"","ocean_display_footer_widgets":"default","ocean_display_footer_bottom":"default","ocean_custom_footer_template":"0","footnotes":""},"class_list":["post-1557","page","type-page","status-publish","hentry","entry","owp-thumbs-layout-horizontal","owp-btn-normal","owp-tabs-layout-horizontal","has-no-thumbnails","has-product-nav"],"yoast_head":"<!-- This site is optimized with the Yoast SEO plugin v27.1.1 - https:\/\/yoast.com\/product\/yoast-seo-wordpress\/ -->\n<title>dos - Pneumatron Suisse<\/title>\n<meta name=\"robots\" content=\"index, follow, max-snippet:-1, max-image-preview:large, max-video-preview:-1\" \/>\n<link rel=\"canonical\" href=\"https:\/\/pneumatron.ch\/fr\/dos\/\" \/>\n<meta property=\"og:locale\" content=\"fr_FR\" \/>\n<meta property=\"og:type\" content=\"article\" \/>\n<meta property=\"og:title\" content=\"dos - Pneumatron Suisse\" \/>\n<meta property=\"og:description\" content=\"Possibilit\u00e9 d&rsquo;utilisation dans la zone du dos La douleur dans la r\u00e9gion du dos est caus\u00e9e, entre autres, par des activit\u00e9s s\u00e9dentaires, une charge unilat\u00e9rale, un manque d\u2019exercice, des hernies discales, des blessures sportives ou une mauvaise posture. La douleur ne vous affecte pas seulement au quotidien, elle perturbe \u00e9galement consid\u00e9rablement votre sommeil et peut [&hellip;]\" \/>\n<meta property=\"og:url\" content=\"https:\/\/pneumatron.ch\/fr\/dos\/\" \/>\n<meta property=\"og:site_name\" content=\"Pneumatron Suisse\" \/>\n<meta property=\"article:modified_time\" content=\"2021-11-18T11:58:37+00:00\" \/>\n<meta name=\"twitter:card\" content=\"summary_large_image\" \/>\n<meta name=\"twitter:label1\" content=\"Dur\u00e9e de lecture estim\u00e9e\" \/>\n\t<meta name=\"twitter:data1\" content=\"2 minutes\" \/>\n<script type=\"application\/ld+json\" class=\"yoast-schema-graph\">{\"@context\":\"https:\/\/schema.org\",\"@graph\":[{\"@type\":\"WebPage\",\"@id\":\"https:\/\/pneumatron.ch\/fr\/dos\/\",\"url\":\"https:\/\/pneumatron.ch\/fr\/dos\/\",\"name\":\"dos - Pneumatron Suisse\",\"isPartOf\":{\"@id\":\"https:\/\/pneumatron.ch\/fr\/#website\"},\"datePublished\":\"2021-09-09T01:06:35+00:00\",\"dateModified\":\"2021-11-18T11:58:37+00:00\",\"breadcrumb\":{\"@id\":\"https:\/\/pneumatron.ch\/fr\/dos\/#breadcrumb\"},\"inLanguage\":\"fr-FR\",\"potentialAction\":[{\"@type\":\"ReadAction\",\"target\":[\"https:\/\/pneumatron.ch\/fr\/dos\/\"]}]},{\"@type\":\"BreadcrumbList\",\"@id\":\"https:\/\/pneumatron.ch\/fr\/dos\/#breadcrumb\",\"itemListElement\":[{\"@type\":\"ListItem\",\"position\":1,\"name\":\"Startseite\",\"item\":\"https:\/\/pneumatron.ch\/fr\/\"},{\"@type\":\"ListItem\",\"position\":2,\"name\":\"dos\"}]},{\"@type\":\"WebSite\",\"@id\":\"https:\/\/pneumatron.ch\/fr\/#website\",\"url\":\"https:\/\/pneumatron.ch\/fr\/\",\"name\":\"Pneumatron Suisse\",\"description\":\"Technique unique de massage et de ventouses\",\"publisher\":{\"@id\":\"https:\/\/pneumatron.ch\/fr\/#organization\"},\"potentialAction\":[{\"@type\":\"SearchAction\",\"target\":{\"@type\":\"EntryPoint\",\"urlTemplate\":\"https:\/\/pneumatron.ch\/fr\/?s={search_term_string}\"},\"query-input\":{\"@type\":\"PropertyValueSpecification\",\"valueRequired\":true,\"valueName\":\"search_term_string\"}}],\"inLanguage\":\"fr-FR\"},{\"@type\":\"Organization\",\"@id\":\"https:\/\/pneumatron.ch\/fr\/#organization\",\"name\":\"Pneumatron Schweiz\",\"url\":\"https:\/\/pneumatron.ch\/fr\/\",\"logo\":{\"@type\":\"ImageObject\",\"inLanguage\":\"fr-FR\",\"@id\":\"https:\/\/pneumatron.ch\/fr\/#\/schema\/logo\/image\/\",\"url\":\"https:\/\/pneumatron.ch\/wp-content\/uploads\/2022\/06\/Pneumatron-Schweiz.png\",\"contentUrl\":\"https:\/\/pneumatron.ch\/wp-content\/uploads\/2022\/06\/Pneumatron-Schweiz.png\",\"width\":817,\"height\":333,\"caption\":\"Pneumatron Schweiz\"},\"image\":{\"@id\":\"https:\/\/pneumatron.ch\/fr\/#\/schema\/logo\/image\/\"}}]}<\/script>\n<!-- \/ Yoast SEO plugin. -->","yoast_head_json":{"title":"dos - Pneumatron Suisse","robots":{"index":"index","follow":"follow","max-snippet":"max-snippet:-1","max-image-preview":"max-image-preview:large","max-video-preview":"max-video-preview:-1"},"canonical":"https:\/\/pneumatron.ch\/fr\/dos\/","og_locale":"fr_FR","og_type":"article","og_title":"dos - Pneumatron Suisse","og_description":"Possibilit\u00e9 d&rsquo;utilisation dans la zone du dos La douleur dans la r\u00e9gion du dos est caus\u00e9e, entre autres, par des activit\u00e9s s\u00e9dentaires, une charge unilat\u00e9rale, un manque d\u2019exercice, des hernies discales, des blessures sportives ou une mauvaise posture. La douleur ne vous affecte pas seulement au quotidien, elle perturbe \u00e9galement consid\u00e9rablement votre sommeil et peut [&hellip;]","og_url":"https:\/\/pneumatron.ch\/fr\/dos\/","og_site_name":"Pneumatron Suisse","article_modified_time":"2021-11-18T11:58:37+00:00","twitter_card":"summary_large_image","twitter_misc":{"Dur\u00e9e de lecture estim\u00e9e":"2 minutes"},"schema":{"@context":"https:\/\/schema.org","@graph":[{"@type":"WebPage","@id":"https:\/\/pneumatron.ch\/fr\/dos\/","url":"https:\/\/pneumatron.ch\/fr\/dos\/","name":"dos - Pneumatron Suisse","isPartOf":{"@id":"https:\/\/pneumatron.ch\/fr\/#website"},"datePublished":"2021-09-09T01:06:35+00:00","dateModified":"2021-11-18T11:58:37+00:00","breadcrumb":{"@id":"https:\/\/pneumatron.ch\/fr\/dos\/#breadcrumb"},"inLanguage":"fr-FR","potentialAction":[{"@type":"ReadAction","target":["https:\/\/pneumatron.ch\/fr\/dos\/"]}]},{"@type":"BreadcrumbList","@id":"https:\/\/pneumatron.ch\/fr\/dos\/#breadcrumb","itemListElement":[{"@type":"ListItem","position":1,"name":"Startseite","item":"https:\/\/pneumatron.ch\/fr\/"},{"@type":"ListItem","position":2,"name":"dos"}]},{"@type":"WebSite","@id":"https:\/\/pneumatron.ch\/fr\/#website","url":"https:\/\/pneumatron.ch\/fr\/","name":"Pneumatron Suisse","description":"Technique unique de massage et de ventouses","publisher":{"@id":"https:\/\/pneumatron.ch\/fr\/#organization"},"potentialAction":[{"@type":"SearchAction","target":{"@type":"EntryPoint","urlTemplate":"https:\/\/pneumatron.ch\/fr\/?s={search_term_string}"},"query-input":{"@type":"PropertyValueSpecification","valueRequired":true,"valueName":"search_term_string"}}],"inLanguage":"fr-FR"},{"@type":"Organization","@id":"https:\/\/pneumatron.ch\/fr\/#organization","name":"Pneumatron Schweiz","url":"https:\/\/pneumatron.ch\/fr\/","logo":{"@type":"ImageObject","inLanguage":"fr-FR","@id":"https:\/\/pneumatron.ch\/fr\/#\/schema\/logo\/image\/","url":"https:\/\/pneumatron.ch\/wp-content\/uploads\/2022\/06\/Pneumatron-Schweiz.png","contentUrl":"https:\/\/pneumatron.ch\/wp-content\/uploads\/2022\/06\/Pneumatron-Schweiz.png","width":817,"height":333,"caption":"Pneumatron Schweiz"},"image":{"@id":"https:\/\/pneumatron.ch\/fr\/#\/schema\/logo\/image\/"}}]}},"_links":{"self":[{"href":"https:\/\/pneumatron.ch\/fr\/wp-json\/wp\/v2\/pages\/1557","targetHints":{"allow":["GET"]}}],"collection":[{"href":"https:\/\/pneumatron.ch\/fr\/wp-json\/wp\/v2\/pages"}],"about":[{"href":"https:\/\/pneumatron.ch\/fr\/wp-json\/wp\/v2\/types\/page"}],"author":[{"embeddable":true,"href":"https:\/\/pneumatron.ch\/fr\/wp-json\/wp\/v2\/users\/1"}],"replies":[{"embeddable":true,"href":"https:\/\/pneumatron.ch\/fr\/wp-json\/wp\/v2\/comments?post=1557"}],"version-history":[{"count":4,"href":"https:\/\/pneumatron.ch\/fr\/wp-json\/wp\/v2\/pages\/1557\/revisions"}],"predecessor-version":[{"id":1992,"href":"https:\/\/pneumatron.ch\/fr\/wp-json\/wp\/v2\/pages\/1557\/revisions\/1992"}],"wp:attachment":[{"href":"https:\/\/pneumatron.ch\/fr\/wp-json\/wp\/v2\/media?parent=1557"}],"curies":[{"name":"wp","href":"https:\/\/api.w.org\/{rel}","templated":true}]}}