{"id":1547,"date":"2021-09-09T02:58:40","date_gmt":"2021-09-09T00:58:40","guid":{"rendered":"https:\/\/pneumatron.ch\/index.php\/epaule\/"},"modified":"2021-11-18T12:58:35","modified_gmt":"2021-11-18T11:58:35","slug":"epaule","status":"publish","type":"page","link":"https:\/\/pneumatron.ch\/fr\/epaule\/","title":{"rendered":"\u00e9paule"},"content":{"rendered":"\t\t<div data-elementor-type=\"wp-page\" data-elementor-id=\"1547\" class=\"elementor elementor-1547 elementor-572\">\n\t\t\t\t\t\t<section class=\"elementor-section elementor-top-section elementor-element elementor-element-5585242 elementor-section-boxed elementor-section-height-default elementor-section-height-default\" data-id=\"5585242\" data-element_type=\"section\" data-e-type=\"section\">\n\t\t\t\t\t\t<div class=\"elementor-container elementor-column-gap-default\">\n\t\t\t\t\t<div class=\"elementor-column elementor-col-16 elementor-top-column elementor-element elementor-element-dc8a2b5\" data-id=\"dc8a2b5\" data-element_type=\"column\" data-e-type=\"column\">\n\t\t\t<div class=\"elementor-widget-wrap\">\n\t\t\t\t\t\t\t<\/div>\n\t\t<\/div>\n\t\t\t\t<div class=\"elementor-column elementor-col-66 elementor-top-column elementor-element elementor-element-56947d6\" data-id=\"56947d6\" data-element_type=\"column\" data-e-type=\"column\">\n\t\t\t<div class=\"elementor-widget-wrap elementor-element-populated\">\n\t\t\t\t\t\t<div class=\"elementor-element elementor-element-df45fbf elementor-widget elementor-widget-text-editor\" data-id=\"df45fbf\" data-element_type=\"widget\" data-e-type=\"widget\" data-widget_type=\"text-editor.default\">\n\t\t\t\t<div class=\"elementor-widget-container\">\n\t\t\t\t\t\t\t\t\t<p>Possibilit\u00e9 d\u2019utilisation dans la zone de l\u2019\u00e9paule<\/p>\n\t\t\t\t\t\t\t\t<\/div>\n\t\t\t\t<\/div>\n\t\t\t\t\t<\/div>\n\t\t<\/div>\n\t\t\t\t<div class=\"elementor-column elementor-col-16 elementor-top-column elementor-element elementor-element-d156be8\" data-id=\"d156be8\" data-element_type=\"column\" data-e-type=\"column\">\n\t\t\t<div class=\"elementor-widget-wrap\">\n\t\t\t\t\t\t\t<\/div>\n\t\t<\/div>\n\t\t\t\t\t<\/div>\n\t\t<\/section>\n\t\t\t\t<section class=\"elementor-section elementor-top-section elementor-element elementor-element-2adaa3d elementor-section-boxed elementor-section-height-default elementor-section-height-default\" data-id=\"2adaa3d\" data-element_type=\"section\" data-e-type=\"section\">\n\t\t\t\t\t\t<div class=\"elementor-container elementor-column-gap-default\">\n\t\t\t\t\t<div class=\"elementor-column elementor-col-100 elementor-top-column elementor-element elementor-element-e881559\" data-id=\"e881559\" data-element_type=\"column\" data-e-type=\"column\">\n\t\t\t<div class=\"elementor-widget-wrap elementor-element-populated\">\n\t\t\t\t\t\t<div class=\"elementor-element elementor-element-9724fa4 elementor-widget elementor-widget-text-editor\" data-id=\"9724fa4\" data-element_type=\"widget\" data-e-type=\"widget\" data-widget_type=\"text-editor.default\">\n\t\t\t\t<div class=\"elementor-widget-container\">\n\t\t\t\t\t\t\t\t\t<p>Les douleurs \u00e0 l&rsquo;\u00e9paule, caus\u00e9es, par exemple, par des blessures sportives, de l&rsquo;arthrose, une \u00e9paule calcifi\u00e9e ou un conflit sous-acromial, non seulement vous affectent au quotidien, mais perturbent \u00e9galement consid\u00e9rablement votre sommeil et peuvent rapidement devenir chroniques.<\/p>\n<p>Avec Pneumatron\u00ae, vous pouvez briser le cycle de la douleur en activant les pouvoirs d\u2019auto-gu\u00e9rison de votre corps gr\u00e2ce \u00e0 une augmentation de la circulation sanguine vers les plus petits vaisseaux et muscles. Ce traitement \u00e9limine mieux les adh\u00e9rences et garantit un apport accru en nutriments.<\/p>\n<p>En cas de calcification de l&rsquo;\u00e9paule, Pneumatron\u00ae peut favoriser la r\u00e9duction de la calcification. Votre corps b\u00e9n\u00e9ficie \u00e9galement d\u2019une augmentation de la circulation dans la zone capillaire et lymphatique lors de l&rsquo;\u00e9limination des m\u00e9diateurs inflammatoires. En cas d&rsquo;arthrose, la pulsation du cartilage permet \u00e0 l&rsquo;articulation d\u2019\u00eatre mieux aliment\u00e9e en nutriments propres \u00e0 l&rsquo;organisme, ce qui r\u00e9duit la d\u00e9gradation de la masse cartilagineuse. Le traitement Pneumatron\u00ae vous soulage sensiblement des mouvements du quotidien et vous aide \u00e0 retrouver une meilleure qualit\u00e9 de vie.<\/p>\n\t\t\t\t\t\t\t\t<\/div>\n\t\t\t\t<\/div>\n\t\t\t\t\t<\/div>\n\t\t<\/div>\n\t\t\t\t\t<\/div>\n\t\t<\/section>\n\t\t\t\t<section class=\"elementor-section elementor-top-section elementor-element elementor-element-db4738a elementor-section-boxed elementor-section-height-default elementor-section-height-default\" data-id=\"db4738a\" data-element_type=\"section\" data-e-type=\"section\">\n\t\t\t\t\t\t<div class=\"elementor-container elementor-column-gap-default\">\n\t\t\t\t\t<div class=\"elementor-column elementor-col-100 elementor-top-column elementor-element elementor-element-1f591df\" data-id=\"1f591df\" data-element_type=\"column\" data-e-type=\"column\">\n\t\t\t<div class=\"elementor-widget-wrap elementor-element-populated\">\n\t\t\t\t\t\t<div class=\"elementor-element elementor-element-d522172 elementor-widget elementor-widget-image\" data-id=\"d522172\" data-element_type=\"widget\" data-e-type=\"widget\" data-widget_type=\"image.default\">\n\t\t\t\t<div class=\"elementor-widget-container\">\n\t\t\t\t\t\t\t\t\t\t\t\t\t\t\t<img fetchpriority=\"high\" decoding=\"async\" width=\"1000\" height=\"667\" src=\"https:\/\/pneumatron.ch\/wp-content\/uploads\/2020\/02\/Schulter-1.jpg\" class=\"attachment-large size-large wp-image-1549\" alt=\"Wir verbinden Schroepfen, Lymphdrainage und Massage\" srcset=\"https:\/\/pneumatron.ch\/wp-content\/uploads\/2020\/02\/Schulter-1.jpg 1000w, https:\/\/pneumatron.ch\/wp-content\/uploads\/2020\/02\/Schulter-1-300x200.jpg 300w, https:\/\/pneumatron.ch\/wp-content\/uploads\/2020\/02\/Schulter-1-768x512.jpg 768w, https:\/\/pneumatron.ch\/wp-content\/uploads\/2020\/02\/Schulter-1-600x400.jpg 600w\" sizes=\"(max-width: 1000px) 100vw, 1000px\" \/>\t\t\t\t\t\t\t\t\t\t\t\t\t\t\t<\/div>\n\t\t\t\t<\/div>\n\t\t\t\t\t<\/div>\n\t\t<\/div>\n\t\t\t\t\t<\/div>\n\t\t<\/section>\n\t\t\t\t<section class=\"elementor-section elementor-top-section elementor-element elementor-element-3f4fb81 elementor-section-boxed elementor-section-height-default elementor-section-height-default\" data-id=\"3f4fb81\" data-element_type=\"section\" data-e-type=\"section\">\n\t\t\t\t\t\t<div class=\"elementor-container elementor-column-gap-default\">\n\t\t\t\t\t<div class=\"elementor-column elementor-col-100 elementor-top-column elementor-element elementor-element-9625696\" data-id=\"9625696\" data-element_type=\"column\" data-e-type=\"column\">\n\t\t\t<div class=\"elementor-widget-wrap elementor-element-populated\">\n\t\t\t\t\t\t<div class=\"elementor-element elementor-element-b332c4d elementor-widget elementor-widget-text-editor\" data-id=\"b332c4d\" data-element_type=\"widget\" data-e-type=\"widget\" data-widget_type=\"text-editor.default\">\n\t\t\t\t<div class=\"elementor-widget-container\">\n\t\t\t\t\t\t\t\t\t<p>Proposition de traitement\u00a0:<\/p>\n<p>Calcification de l&rsquo;\u00e9paule, conflit sous-acromial, arthrose, ecchymoses et autres blessures sportives<\/p>\n<p>Prenez la plus grosse ventouse en silicone, raccordez-la au tuyau simple et placez-la directement sur votre \u00e9paule \u00e0 une puissance qui vous convient. Laissez la ventouse vibrer pendant environ 3 \u00e0 5\u00a0minutes. Ensuite, prenez une plus petite ventouse et massez en forme d&rsquo;\u00e9toile, du milieu de l&rsquo;\u00e9paule jusqu&rsquo;\u00e0 l&rsquo;aisselle.<\/p>\n<p>Vous pouvez travailler avec une huile ou une cr\u00e8me de massage. Des \u00ab\u00a0huiles anti-douleur\u00a0\u00bb sp\u00e9ciales sont \u00e9galement recommand\u00e9es. Si vous avez des allergies, faites attention \u00e0 leurs composants. Apr\u00e8s le traitement, effectuez de l\u00e9gers mouvements de rotation et faites tourner votre bras dans tous les sens, autant que votre sensation de douleur le permet.<\/p>\n<p>Le MPAC continue d&rsquo;agir jusqu&rsquo;\u00e0 48\u00a0heures. La douleur peut empirer apr\u00e8s la premi\u00e8re application\u00a0! Application\u00a0: environ 2 \u00e0 3\u00a0fois par semaine.<br \/>\nLe traitement sera d\u2019autant plus efficace si vous buvez un grand verre d&rsquo;eau ou une tisane non sucr\u00e9e imm\u00e9diatement avant et apr\u00e8s l&rsquo;application.<\/p>\n<p>Si le r\u00e9glage est trop fort, ou si vous appliquez Pneumatron au m\u00eame endroit pendant tr\u00e8s longtemps, un h\u00e9matome peut se former. Les h\u00e9matomes sont r\u00e9sorb\u00e9s par le corps en quelques jours. S\u00e9lectionnez ensuite une dur\u00e9e d&rsquo;application plus courte et un r\u00e9glage plus faible. Commencez au d\u00e9but \u00e0 faible intensit\u00e9. Le traitement doit toujours \u00eatre agr\u00e9able et la sensation est propre \u00e0 chacun(e).<\/p>\n\t\t\t\t\t\t\t\t<\/div>\n\t\t\t\t<\/div>\n\t\t\t\t\t<\/div>\n\t\t<\/div>\n\t\t\t\t\t<\/div>\n\t\t<\/section>\n\t\t\t\t<section class=\"elementor-section elementor-top-section elementor-element elementor-element-fd61b28 elementor-section-boxed elementor-section-height-default elementor-section-height-default\" data-id=\"fd61b28\" data-element_type=\"section\" data-e-type=\"section\">\n\t\t\t\t\t\t<div class=\"elementor-container elementor-column-gap-default\">\n\t\t\t\t\t<div class=\"elementor-column elementor-col-33 elementor-top-column elementor-element elementor-element-4b1993c\" data-id=\"4b1993c\" data-element_type=\"column\" data-e-type=\"column\">\n\t\t\t<div class=\"elementor-widget-wrap\">\n\t\t\t\t\t\t\t<\/div>\n\t\t<\/div>\n\t\t\t\t<div class=\"elementor-column elementor-col-33 elementor-top-column elementor-element elementor-element-71a1933\" data-id=\"71a1933\" data-element_type=\"column\" data-e-type=\"column\">\n\t\t\t<div class=\"elementor-widget-wrap elementor-element-populated\">\n\t\t\t\t\t\t<div class=\"elementor-element elementor-element-977a13f elementor-align-center elementor-invisible elementor-widget elementor-widget-button\" data-id=\"977a13f\" data-element_type=\"widget\" data-e-type=\"widget\" data-settings=\"{&quot;_animation&quot;:&quot;zoomIn&quot;,&quot;_animation_mobile&quot;:&quot;zoomIn&quot;}\" data-widget_type=\"button.default\">\n\t\t\t\t<div class=\"elementor-widget-container\">\n\t\t\t\t\t\t\t\t\t<div class=\"elementor-button-wrapper\">\n\t\t\t\t\t<a class=\"elementor-button elementor-button-link elementor-size-sm\" href=\"https:\/\/pneumatron.ch\/fr\/domaines-dapplication\/\">\n\t\t\t\t\t\t<span class=\"elementor-button-content-wrapper\">\n\t\t\t\t\t\t\t\t\t<span class=\"elementor-button-text\">Retour \u00e0 l'aper\u00e7u<\/span>\n\t\t\t\t\t<\/span>\n\t\t\t\t\t<\/a>\n\t\t\t\t<\/div>\n\t\t\t\t\t\t\t\t<\/div>\n\t\t\t\t<\/div>\n\t\t\t\t\t<\/div>\n\t\t<\/div>\n\t\t\t\t<div class=\"elementor-column elementor-col-33 elementor-top-column elementor-element elementor-element-079328a\" data-id=\"079328a\" data-element_type=\"column\" data-e-type=\"column\">\n\t\t\t<div class=\"elementor-widget-wrap\">\n\t\t\t\t\t\t\t<\/div>\n\t\t<\/div>\n\t\t\t\t\t<\/div>\n\t\t<\/section>\n\t\t\t\t<\/div>\n\t\t","protected":false},"excerpt":{"rendered":"<p>Possibilit\u00e9 d\u2019utilisation dans la zone de l\u2019\u00e9paule Les douleurs \u00e0 l&rsquo;\u00e9paule, caus\u00e9es, par exemple, par des blessures sportives, de l&rsquo;arthrose, une \u00e9paule calcifi\u00e9e ou un conflit sous-acromial, non seulement vous affectent au quotidien, mais perturbent \u00e9galement consid\u00e9rablement votre sommeil et peuvent rapidement devenir chroniques. Avec Pneumatron\u00ae, vous pouvez briser le cycle de la douleur en [&hellip;]<\/p>\n","protected":false},"author":1,"featured_media":0,"parent":0,"menu_order":0,"comment_status":"closed","ping_status":"closed","template":"","meta":{"inline_featured_image":false,"ocean_post_layout":"","ocean_both_sidebars_style":"","ocean_both_sidebars_content_width":0,"ocean_both_sidebars_sidebars_width":0,"ocean_sidebar":"0","ocean_second_sidebar":"0","ocean_disable_margins":"enable","ocean_add_body_class":"","ocean_shortcode_before_top_bar":"","ocean_shortcode_after_top_bar":"","ocean_shortcode_before_header":"","ocean_shortcode_after_header":"","ocean_has_shortcode":"","ocean_shortcode_after_title":"","ocean_shortcode_before_footer_widgets":"","ocean_shortcode_after_footer_widgets":"","ocean_shortcode_before_footer_bottom":"","ocean_shortcode_after_footer_bottom":"","ocean_display_top_bar":"default","ocean_display_header":"default","ocean_header_style":"","ocean_center_header_left_menu":"0","ocean_custom_header_template":"0","ocean_custom_logo":0,"ocean_custom_retina_logo":0,"ocean_custom_logo_max_width":0,"ocean_custom_logo_tablet_max_width":0,"ocean_custom_logo_mobile_max_width":0,"ocean_custom_logo_max_height":0,"ocean_custom_logo_tablet_max_height":0,"ocean_custom_logo_mobile_max_height":0,"ocean_header_custom_menu":"0","ocean_menu_typo_font_family":"0","ocean_menu_typo_font_subset":"","ocean_menu_typo_font_size":0,"ocean_menu_typo_font_size_tablet":0,"ocean_menu_typo_font_size_mobile":0,"ocean_menu_typo_font_size_unit":"px","ocean_menu_typo_font_weight":"","ocean_menu_typo_font_weight_tablet":"","ocean_menu_typo_font_weight_mobile":"","ocean_menu_typo_transform":"","ocean_menu_typo_transform_tablet":"","ocean_menu_typo_transform_mobile":"","ocean_menu_typo_line_height":0,"ocean_menu_typo_line_height_tablet":0,"ocean_menu_typo_line_height_mobile":0,"ocean_menu_typo_line_height_unit":"","ocean_menu_typo_spacing":0,"ocean_menu_typo_spacing_tablet":0,"ocean_menu_typo_spacing_mobile":0,"ocean_menu_typo_spacing_unit":"","ocean_menu_link_color":"","ocean_menu_link_color_hover":"","ocean_menu_link_color_active":"","ocean_menu_link_background":"","ocean_menu_link_hover_background":"","ocean_menu_link_active_background":"","ocean_menu_social_links_bg":"","ocean_menu_social_hover_links_bg":"","ocean_menu_social_links_color":"","ocean_menu_social_hover_links_color":"","ocean_disable_title":"default","ocean_disable_heading":"default","ocean_post_title":"","ocean_post_subheading":"","ocean_post_title_style":"","ocean_post_title_background_color":"","ocean_post_title_background":0,"ocean_post_title_bg_image_position":"","ocean_post_title_bg_image_attachment":"","ocean_post_title_bg_image_repeat":"","ocean_post_title_bg_image_size":"","ocean_post_title_height":0,"ocean_post_title_bg_overlay":0.5,"ocean_post_title_bg_overlay_color":"","ocean_disable_breadcrumbs":"default","ocean_breadcrumbs_color":"","ocean_breadcrumbs_separator_color":"","ocean_breadcrumbs_links_color":"","ocean_breadcrumbs_links_hover_color":"","ocean_display_footer_widgets":"default","ocean_display_footer_bottom":"default","ocean_custom_footer_template":"0","footnotes":""},"class_list":["post-1547","page","type-page","status-publish","hentry","entry","owp-thumbs-layout-horizontal","owp-btn-normal","owp-tabs-layout-horizontal","has-no-thumbnails","has-product-nav"],"yoast_head":"<!-- This site is optimized with the Yoast SEO plugin v27.1.1 - https:\/\/yoast.com\/product\/yoast-seo-wordpress\/ -->\n<title>\u00e9paule - Pneumatron Suisse<\/title>\n<meta name=\"robots\" content=\"index, follow, max-snippet:-1, max-image-preview:large, max-video-preview:-1\" \/>\n<link rel=\"canonical\" href=\"https:\/\/pneumatron.ch\/fr\/epaule\/\" \/>\n<meta property=\"og:locale\" content=\"fr_FR\" \/>\n<meta property=\"og:type\" content=\"article\" \/>\n<meta property=\"og:title\" content=\"\u00e9paule - Pneumatron Suisse\" \/>\n<meta property=\"og:description\" content=\"Possibilit\u00e9 d\u2019utilisation dans la zone de l\u2019\u00e9paule Les douleurs \u00e0 l&rsquo;\u00e9paule, caus\u00e9es, par exemple, par des blessures sportives, de l&rsquo;arthrose, une \u00e9paule calcifi\u00e9e ou un conflit sous-acromial, non seulement vous affectent au quotidien, mais perturbent \u00e9galement consid\u00e9rablement votre sommeil et peuvent rapidement devenir chroniques. Avec Pneumatron\u00ae, vous pouvez briser le cycle de la douleur en [&hellip;]\" \/>\n<meta property=\"og:url\" content=\"https:\/\/pneumatron.ch\/fr\/epaule\/\" \/>\n<meta property=\"og:site_name\" content=\"Pneumatron Suisse\" \/>\n<meta property=\"article:modified_time\" content=\"2021-11-18T11:58:35+00:00\" \/>\n<meta property=\"og:image\" content=\"https:\/\/pneumatron.ch\/wp-content\/uploads\/2020\/02\/Schulter-1.jpg\" \/>\n<meta name=\"twitter:card\" content=\"summary_large_image\" \/>\n<meta name=\"twitter:label1\" content=\"Dur\u00e9e de lecture estim\u00e9e\" \/>\n\t<meta name=\"twitter:data1\" content=\"2 minutes\" \/>\n<script type=\"application\/ld+json\" class=\"yoast-schema-graph\">{\"@context\":\"https:\/\/schema.org\",\"@graph\":[{\"@type\":\"WebPage\",\"@id\":\"https:\/\/pneumatron.ch\/fr\/epaule\/\",\"url\":\"https:\/\/pneumatron.ch\/fr\/epaule\/\",\"name\":\"\u00e9paule - Pneumatron Suisse\",\"isPartOf\":{\"@id\":\"https:\/\/pneumatron.ch\/fr\/#website\"},\"primaryImageOfPage\":{\"@id\":\"https:\/\/pneumatron.ch\/fr\/epaule\/#primaryimage\"},\"image\":{\"@id\":\"https:\/\/pneumatron.ch\/fr\/epaule\/#primaryimage\"},\"thumbnailUrl\":\"https:\/\/pneumatron.ch\/wp-content\/uploads\/2020\/02\/Schulter-1.jpg\",\"datePublished\":\"2021-09-09T00:58:40+00:00\",\"dateModified\":\"2021-11-18T11:58:35+00:00\",\"breadcrumb\":{\"@id\":\"https:\/\/pneumatron.ch\/fr\/epaule\/#breadcrumb\"},\"inLanguage\":\"fr-FR\",\"potentialAction\":[{\"@type\":\"ReadAction\",\"target\":[\"https:\/\/pneumatron.ch\/fr\/epaule\/\"]}]},{\"@type\":\"ImageObject\",\"inLanguage\":\"fr-FR\",\"@id\":\"https:\/\/pneumatron.ch\/fr\/epaule\/#primaryimage\",\"url\":\"https:\/\/pneumatron.ch\/wp-content\/uploads\/2020\/02\/Schulter-1.jpg\",\"contentUrl\":\"https:\/\/pneumatron.ch\/wp-content\/uploads\/2020\/02\/Schulter-1.jpg\"},{\"@type\":\"BreadcrumbList\",\"@id\":\"https:\/\/pneumatron.ch\/fr\/epaule\/#breadcrumb\",\"itemListElement\":[{\"@type\":\"ListItem\",\"position\":1,\"name\":\"Startseite\",\"item\":\"https:\/\/pneumatron.ch\/fr\/\"},{\"@type\":\"ListItem\",\"position\":2,\"name\":\"\u00e9paule\"}]},{\"@type\":\"WebSite\",\"@id\":\"https:\/\/pneumatron.ch\/fr\/#website\",\"url\":\"https:\/\/pneumatron.ch\/fr\/\",\"name\":\"Pneumatron Suisse\",\"description\":\"Technique unique de massage et de ventouses\",\"publisher\":{\"@id\":\"https:\/\/pneumatron.ch\/fr\/#organization\"},\"potentialAction\":[{\"@type\":\"SearchAction\",\"target\":{\"@type\":\"EntryPoint\",\"urlTemplate\":\"https:\/\/pneumatron.ch\/fr\/?s={search_term_string}\"},\"query-input\":{\"@type\":\"PropertyValueSpecification\",\"valueRequired\":true,\"valueName\":\"search_term_string\"}}],\"inLanguage\":\"fr-FR\"},{\"@type\":\"Organization\",\"@id\":\"https:\/\/pneumatron.ch\/fr\/#organization\",\"name\":\"Pneumatron Schweiz\",\"url\":\"https:\/\/pneumatron.ch\/fr\/\",\"logo\":{\"@type\":\"ImageObject\",\"inLanguage\":\"fr-FR\",\"@id\":\"https:\/\/pneumatron.ch\/fr\/#\/schema\/logo\/image\/\",\"url\":\"https:\/\/pneumatron.ch\/wp-content\/uploads\/2022\/06\/Pneumatron-Schweiz.png\",\"contentUrl\":\"https:\/\/pneumatron.ch\/wp-content\/uploads\/2022\/06\/Pneumatron-Schweiz.png\",\"width\":817,\"height\":333,\"caption\":\"Pneumatron Schweiz\"},\"image\":{\"@id\":\"https:\/\/pneumatron.ch\/fr\/#\/schema\/logo\/image\/\"}}]}<\/script>\n<!-- \/ Yoast SEO plugin. -->","yoast_head_json":{"title":"\u00e9paule - Pneumatron Suisse","robots":{"index":"index","follow":"follow","max-snippet":"max-snippet:-1","max-image-preview":"max-image-preview:large","max-video-preview":"max-video-preview:-1"},"canonical":"https:\/\/pneumatron.ch\/fr\/epaule\/","og_locale":"fr_FR","og_type":"article","og_title":"\u00e9paule - Pneumatron Suisse","og_description":"Possibilit\u00e9 d\u2019utilisation dans la zone de l\u2019\u00e9paule Les douleurs \u00e0 l&rsquo;\u00e9paule, caus\u00e9es, par exemple, par des blessures sportives, de l&rsquo;arthrose, une \u00e9paule calcifi\u00e9e ou un conflit sous-acromial, non seulement vous affectent au quotidien, mais perturbent \u00e9galement consid\u00e9rablement votre sommeil et peuvent rapidement devenir chroniques. Avec Pneumatron\u00ae, vous pouvez briser le cycle de la douleur en [&hellip;]","og_url":"https:\/\/pneumatron.ch\/fr\/epaule\/","og_site_name":"Pneumatron Suisse","article_modified_time":"2021-11-18T11:58:35+00:00","og_image":[{"url":"https:\/\/pneumatron.ch\/wp-content\/uploads\/2020\/02\/Schulter-1.jpg","type":"","width":"","height":""}],"twitter_card":"summary_large_image","twitter_misc":{"Dur\u00e9e de lecture estim\u00e9e":"2 minutes"},"schema":{"@context":"https:\/\/schema.org","@graph":[{"@type":"WebPage","@id":"https:\/\/pneumatron.ch\/fr\/epaule\/","url":"https:\/\/pneumatron.ch\/fr\/epaule\/","name":"\u00e9paule - Pneumatron Suisse","isPartOf":{"@id":"https:\/\/pneumatron.ch\/fr\/#website"},"primaryImageOfPage":{"@id":"https:\/\/pneumatron.ch\/fr\/epaule\/#primaryimage"},"image":{"@id":"https:\/\/pneumatron.ch\/fr\/epaule\/#primaryimage"},"thumbnailUrl":"https:\/\/pneumatron.ch\/wp-content\/uploads\/2020\/02\/Schulter-1.jpg","datePublished":"2021-09-09T00:58:40+00:00","dateModified":"2021-11-18T11:58:35+00:00","breadcrumb":{"@id":"https:\/\/pneumatron.ch\/fr\/epaule\/#breadcrumb"},"inLanguage":"fr-FR","potentialAction":[{"@type":"ReadAction","target":["https:\/\/pneumatron.ch\/fr\/epaule\/"]}]},{"@type":"ImageObject","inLanguage":"fr-FR","@id":"https:\/\/pneumatron.ch\/fr\/epaule\/#primaryimage","url":"https:\/\/pneumatron.ch\/wp-content\/uploads\/2020\/02\/Schulter-1.jpg","contentUrl":"https:\/\/pneumatron.ch\/wp-content\/uploads\/2020\/02\/Schulter-1.jpg"},{"@type":"BreadcrumbList","@id":"https:\/\/pneumatron.ch\/fr\/epaule\/#breadcrumb","itemListElement":[{"@type":"ListItem","position":1,"name":"Startseite","item":"https:\/\/pneumatron.ch\/fr\/"},{"@type":"ListItem","position":2,"name":"\u00e9paule"}]},{"@type":"WebSite","@id":"https:\/\/pneumatron.ch\/fr\/#website","url":"https:\/\/pneumatron.ch\/fr\/","name":"Pneumatron Suisse","description":"Technique unique de massage et de ventouses","publisher":{"@id":"https:\/\/pneumatron.ch\/fr\/#organization"},"potentialAction":[{"@type":"SearchAction","target":{"@type":"EntryPoint","urlTemplate":"https:\/\/pneumatron.ch\/fr\/?s={search_term_string}"},"query-input":{"@type":"PropertyValueSpecification","valueRequired":true,"valueName":"search_term_string"}}],"inLanguage":"fr-FR"},{"@type":"Organization","@id":"https:\/\/pneumatron.ch\/fr\/#organization","name":"Pneumatron Schweiz","url":"https:\/\/pneumatron.ch\/fr\/","logo":{"@type":"ImageObject","inLanguage":"fr-FR","@id":"https:\/\/pneumatron.ch\/fr\/#\/schema\/logo\/image\/","url":"https:\/\/pneumatron.ch\/wp-content\/uploads\/2022\/06\/Pneumatron-Schweiz.png","contentUrl":"https:\/\/pneumatron.ch\/wp-content\/uploads\/2022\/06\/Pneumatron-Schweiz.png","width":817,"height":333,"caption":"Pneumatron Schweiz"},"image":{"@id":"https:\/\/pneumatron.ch\/fr\/#\/schema\/logo\/image\/"}}]}},"_links":{"self":[{"href":"https:\/\/pneumatron.ch\/fr\/wp-json\/wp\/v2\/pages\/1547","targetHints":{"allow":["GET"]}}],"collection":[{"href":"https:\/\/pneumatron.ch\/fr\/wp-json\/wp\/v2\/pages"}],"about":[{"href":"https:\/\/pneumatron.ch\/fr\/wp-json\/wp\/v2\/types\/page"}],"author":[{"embeddable":true,"href":"https:\/\/pneumatron.ch\/fr\/wp-json\/wp\/v2\/users\/1"}],"replies":[{"embeddable":true,"href":"https:\/\/pneumatron.ch\/fr\/wp-json\/wp\/v2\/comments?post=1547"}],"version-history":[{"count":4,"href":"https:\/\/pneumatron.ch\/fr\/wp-json\/wp\/v2\/pages\/1547\/revisions"}],"predecessor-version":[{"id":1990,"href":"https:\/\/pneumatron.ch\/fr\/wp-json\/wp\/v2\/pages\/1547\/revisions\/1990"}],"wp:attachment":[{"href":"https:\/\/pneumatron.ch\/fr\/wp-json\/wp\/v2\/media?parent=1547"}],"curies":[{"name":"wp","href":"https:\/\/api.w.org\/{rel}","templated":true}]}}