{"id":1543,"date":"2021-09-09T02:56:43","date_gmt":"2021-09-09T00:56:43","guid":{"rendered":"https:\/\/pneumatron.ch\/index.php\/fascias\/"},"modified":"2021-11-18T12:58:33","modified_gmt":"2021-11-18T11:58:33","slug":"fascias","status":"publish","type":"page","link":"https:\/\/pneumatron.ch\/fr\/fascias\/","title":{"rendered":"fascias"},"content":{"rendered":"\t\t<div data-elementor-type=\"wp-page\" data-elementor-id=\"1543\" class=\"elementor elementor-1543 elementor-576\">\n\t\t\t\t\t\t<section class=\"elementor-section elementor-top-section elementor-element elementor-element-daaa551 elementor-section-boxed elementor-section-height-default elementor-section-height-default\" data-id=\"daaa551\" data-element_type=\"section\" data-e-type=\"section\">\n\t\t\t\t\t\t<div class=\"elementor-container elementor-column-gap-default\">\n\t\t\t\t\t<div class=\"elementor-column elementor-col-16 elementor-top-column elementor-element elementor-element-cfb023d\" data-id=\"cfb023d\" data-element_type=\"column\" data-e-type=\"column\">\n\t\t\t<div class=\"elementor-widget-wrap\">\n\t\t\t\t\t\t\t<\/div>\n\t\t<\/div>\n\t\t\t\t<div class=\"elementor-column elementor-col-66 elementor-top-column elementor-element elementor-element-802a8de\" data-id=\"802a8de\" data-element_type=\"column\" data-e-type=\"column\">\n\t\t\t<div class=\"elementor-widget-wrap elementor-element-populated\">\n\t\t\t\t\t\t<div class=\"elementor-element elementor-element-00690b5 elementor-widget elementor-widget-text-editor\" data-id=\"00690b5\" data-element_type=\"widget\" data-e-type=\"widget\" data-widget_type=\"text-editor.default\">\n\t\t\t\t<div class=\"elementor-widget-container\">\n\t\t\t\t\t\t\t\t\t<p>Possibilit\u00e9 d\u2019utilisation pour les fascias<\/p>\n\t\t\t\t\t\t\t\t<\/div>\n\t\t\t\t<\/div>\n\t\t\t\t\t<\/div>\n\t\t<\/div>\n\t\t\t\t<div class=\"elementor-column elementor-col-16 elementor-top-column elementor-element elementor-element-dd4a665\" data-id=\"dd4a665\" data-element_type=\"column\" data-e-type=\"column\">\n\t\t\t<div class=\"elementor-widget-wrap\">\n\t\t\t\t\t\t\t<\/div>\n\t\t<\/div>\n\t\t\t\t\t<\/div>\n\t\t<\/section>\n\t\t\t\t<section class=\"elementor-section elementor-top-section elementor-element elementor-element-3f3e42e elementor-section-boxed elementor-section-height-default elementor-section-height-default\" data-id=\"3f3e42e\" data-element_type=\"section\" data-e-type=\"section\">\n\t\t\t\t\t\t<div class=\"elementor-container elementor-column-gap-default\">\n\t\t\t\t\t<div class=\"elementor-column elementor-col-100 elementor-top-column elementor-element elementor-element-a8bbc92\" data-id=\"a8bbc92\" data-element_type=\"column\" data-e-type=\"column\">\n\t\t\t<div class=\"elementor-widget-wrap elementor-element-populated\">\n\t\t\t\t\t\t<div class=\"elementor-element elementor-element-d27ceb3 elementor-widget elementor-widget-text-editor\" data-id=\"d27ceb3\" data-element_type=\"widget\" data-e-type=\"widget\" data-widget_type=\"text-editor.default\">\n\t\t\t\t<div class=\"elementor-widget-container\">\n\t\t\t\t\t\t\t\t\t<p>La raideur g\u00e9n\u00e9rale, les douleurs dans le cou, le dos et les jambes sont souvent caus\u00e9es par des fascias (le syst\u00e8me tissulaire qui maintient tout notre organisme) coll\u00e9s et agglutin\u00e9s. Les activit\u00e9s s\u00e9dentaires, trop peu d&rsquo;exercice et une mauvaise posture affectent votre mobilit\u00e9 et votre vitalit\u00e9.<\/p>\n<p>Avec Pneumatron\u00ae, vous pouvez utiliser les impulsions douces qui renforcent votre circulation sanguine afin de restaurer l&rsquo;\u00e9lasticit\u00e9 des fascias et d\u2019\u00e9liminer les adh\u00e9rences et les douleurs musculaires. L&rsquo;aspiration et le rel\u00e2chement puls\u00e9s agr\u00e9ables \u00e9tirent les fascias et am\u00e9liorent \u00e9norm\u00e9ment leur \u00e9lasticit\u00e9. Dans le m\u00eame temps, les tissus sont aliment\u00e9s en sang et en nutriments corporels et les m\u00e9diateurs inflammatoires sont \u00e9limin\u00e9s. Vos fascias redeviendront souples et \u00e9lastiques. Pneumatron\u00ae vous aide en cas de troubles des fascias d&rsquo;une mani\u00e8re agr\u00e9able et simple.<\/p>\n\t\t\t\t\t\t\t\t<\/div>\n\t\t\t\t<\/div>\n\t\t\t\t\t<\/div>\n\t\t<\/div>\n\t\t\t\t\t<\/div>\n\t\t<\/section>\n\t\t\t\t<section class=\"elementor-section elementor-top-section elementor-element elementor-element-749aa8c elementor-section-boxed elementor-section-height-default elementor-section-height-default\" data-id=\"749aa8c\" data-element_type=\"section\" data-e-type=\"section\">\n\t\t\t\t\t\t<div class=\"elementor-container elementor-column-gap-default\">\n\t\t\t\t\t<div class=\"elementor-column elementor-col-100 elementor-top-column elementor-element elementor-element-82c3d8d\" data-id=\"82c3d8d\" data-element_type=\"column\" data-e-type=\"column\">\n\t\t\t<div class=\"elementor-widget-wrap elementor-element-populated\">\n\t\t\t\t\t\t<div class=\"elementor-element elementor-element-6d6f1de elementor-widget elementor-widget-image\" data-id=\"6d6f1de\" data-element_type=\"widget\" data-e-type=\"widget\" data-widget_type=\"image.default\">\n\t\t\t\t<div class=\"elementor-widget-container\">\n\t\t\t\t\t\t\t\t\t\t\t\t\t\t\t<img fetchpriority=\"high\" decoding=\"async\" width=\"1000\" height=\"667\" src=\"https:\/\/pneumatron.ch\/wp-content\/uploads\/2020\/02\/Faszien-1.jpg\" class=\"attachment-large size-large wp-image-1545\" alt=\"Wir verbinden Schroepfen, Lymphdrainage und Massage\" srcset=\"https:\/\/pneumatron.ch\/wp-content\/uploads\/2020\/02\/Faszien-1.jpg 1000w, https:\/\/pneumatron.ch\/wp-content\/uploads\/2020\/02\/Faszien-1-300x200.jpg 300w, https:\/\/pneumatron.ch\/wp-content\/uploads\/2020\/02\/Faszien-1-768x512.jpg 768w, https:\/\/pneumatron.ch\/wp-content\/uploads\/2020\/02\/Faszien-1-600x400.jpg 600w\" sizes=\"(max-width: 1000px) 100vw, 1000px\" \/>\t\t\t\t\t\t\t\t\t\t\t\t\t\t\t<\/div>\n\t\t\t\t<\/div>\n\t\t\t\t\t<\/div>\n\t\t<\/div>\n\t\t\t\t\t<\/div>\n\t\t<\/section>\n\t\t\t\t<section class=\"elementor-section elementor-top-section elementor-element elementor-element-953c34d elementor-section-boxed elementor-section-height-default elementor-section-height-default\" data-id=\"953c34d\" data-element_type=\"section\" data-e-type=\"section\">\n\t\t\t\t\t\t<div class=\"elementor-container elementor-column-gap-default\">\n\t\t\t\t\t<div class=\"elementor-column elementor-col-100 elementor-top-column elementor-element elementor-element-f9c36b8\" data-id=\"f9c36b8\" data-element_type=\"column\" data-e-type=\"column\">\n\t\t\t<div class=\"elementor-widget-wrap elementor-element-populated\">\n\t\t\t\t\t\t<div class=\"elementor-element elementor-element-f56ec63 elementor-widget elementor-widget-text-editor\" data-id=\"f56ec63\" data-element_type=\"widget\" data-e-type=\"widget\" data-widget_type=\"text-editor.default\">\n\t\t\t\t<div class=\"elementor-widget-container\">\n\t\t\t\t\t\t\t\t\t<p>Proposition de traitement\u00a0:<\/p>\n<p>Le MPAC peut \u00eatre utilis\u00e9 sur tout le corps. Vous pouvez utiliser Pneumatron de mani\u00e8re stationnaire sur un point pendant quelques minutes ou \u00ab\u00a0guider\u00a0\u00bb les ventouses sur les r\u00e9gions du corps \u00e0 traiter \u00e0 l&rsquo;aide d&rsquo;huiles de massage ou corporelles.<\/p>\n<p>Le MPAC continue d&rsquo;agir jusqu&rsquo;\u00e0 48\u00a0heures. Application\u00a0: environ 2 \u00e0 3\u00a0fois par semaine.<\/p>\n<p>Le traitement sera d\u2019autant plus efficace si vous buvez un grand verre d&rsquo;eau ou une tisane non sucr\u00e9e imm\u00e9diatement avant et apr\u00e8s l&rsquo;application.<\/p>\n<p>Si le r\u00e9glage est trop fort, ou si vous appliquez Pneumatron au m\u00eame endroit pendant tr\u00e8s longtemps, un h\u00e9matome peut se former. Les h\u00e9matomes sont r\u00e9sorb\u00e9s par le corps en quelques jours. S\u00e9lectionnez ensuite une dur\u00e9e d&rsquo;application plus courte et un r\u00e9glage plus faible. Commencez au d\u00e9but \u00e0 faible intensit\u00e9. Le traitement doit toujours \u00eatre agr\u00e9able. La sensation est propre \u00e0 chacun(e).<\/p>\n\t\t\t\t\t\t\t\t<\/div>\n\t\t\t\t<\/div>\n\t\t\t\t\t<\/div>\n\t\t<\/div>\n\t\t\t\t\t<\/div>\n\t\t<\/section>\n\t\t\t\t<section class=\"elementor-section elementor-top-section elementor-element elementor-element-5944f6f elementor-section-boxed elementor-section-height-default elementor-section-height-default\" data-id=\"5944f6f\" data-element_type=\"section\" data-e-type=\"section\">\n\t\t\t\t\t\t<div class=\"elementor-container elementor-column-gap-default\">\n\t\t\t\t\t<div class=\"elementor-column elementor-col-33 elementor-top-column elementor-element elementor-element-b3cdb43\" data-id=\"b3cdb43\" data-element_type=\"column\" data-e-type=\"column\">\n\t\t\t<div class=\"elementor-widget-wrap\">\n\t\t\t\t\t\t\t<\/div>\n\t\t<\/div>\n\t\t\t\t<div class=\"elementor-column elementor-col-33 elementor-top-column elementor-element elementor-element-b9d6613\" data-id=\"b9d6613\" data-element_type=\"column\" data-e-type=\"column\">\n\t\t\t<div class=\"elementor-widget-wrap elementor-element-populated\">\n\t\t\t\t\t\t<div class=\"elementor-element elementor-element-8aa84e2 elementor-align-center elementor-invisible elementor-widget elementor-widget-button\" data-id=\"8aa84e2\" data-element_type=\"widget\" data-e-type=\"widget\" data-settings=\"{&quot;_animation&quot;:&quot;zoomIn&quot;,&quot;_animation_mobile&quot;:&quot;zoomIn&quot;}\" data-widget_type=\"button.default\">\n\t\t\t\t<div class=\"elementor-widget-container\">\n\t\t\t\t\t\t\t\t\t<div class=\"elementor-button-wrapper\">\n\t\t\t\t\t<a class=\"elementor-button elementor-button-link elementor-size-sm\" href=\"https:\/\/pneumatron.ch\/fr\/domaines-dapplication\/\">\n\t\t\t\t\t\t<span class=\"elementor-button-content-wrapper\">\n\t\t\t\t\t\t\t\t\t<span class=\"elementor-button-text\">Retour \u00e0 l'aper\u00e7u<\/span>\n\t\t\t\t\t<\/span>\n\t\t\t\t\t<\/a>\n\t\t\t\t<\/div>\n\t\t\t\t\t\t\t\t<\/div>\n\t\t\t\t<\/div>\n\t\t\t\t\t<\/div>\n\t\t<\/div>\n\t\t\t\t<div class=\"elementor-column elementor-col-33 elementor-top-column elementor-element elementor-element-fec10ff\" data-id=\"fec10ff\" data-element_type=\"column\" data-e-type=\"column\">\n\t\t\t<div class=\"elementor-widget-wrap\">\n\t\t\t\t\t\t\t<\/div>\n\t\t<\/div>\n\t\t\t\t\t<\/div>\n\t\t<\/section>\n\t\t\t\t<\/div>\n\t\t","protected":false},"excerpt":{"rendered":"<p>Possibilit\u00e9 d\u2019utilisation pour les fascias La raideur g\u00e9n\u00e9rale, les douleurs dans le cou, le dos et les jambes sont souvent caus\u00e9es par des fascias (le syst\u00e8me tissulaire qui maintient tout notre organisme) coll\u00e9s et agglutin\u00e9s. Les activit\u00e9s s\u00e9dentaires, trop peu d&rsquo;exercice et une mauvaise posture affectent votre mobilit\u00e9 et votre vitalit\u00e9. Avec Pneumatron\u00ae, vous pouvez [&hellip;]<\/p>\n","protected":false},"author":1,"featured_media":0,"parent":0,"menu_order":0,"comment_status":"closed","ping_status":"closed","template":"","meta":{"inline_featured_image":false,"ocean_post_layout":"","ocean_both_sidebars_style":"","ocean_both_sidebars_content_width":0,"ocean_both_sidebars_sidebars_width":0,"ocean_sidebar":"0","ocean_second_sidebar":"0","ocean_disable_margins":"enable","ocean_add_body_class":"","ocean_shortcode_before_top_bar":"","ocean_shortcode_after_top_bar":"","ocean_shortcode_before_header":"","ocean_shortcode_after_header":"","ocean_has_shortcode":"","ocean_shortcode_after_title":"","ocean_shortcode_before_footer_widgets":"","ocean_shortcode_after_footer_widgets":"","ocean_shortcode_before_footer_bottom":"","ocean_shortcode_after_footer_bottom":"","ocean_display_top_bar":"default","ocean_display_header":"default","ocean_header_style":"","ocean_center_header_left_menu":"0","ocean_custom_header_template":"0","ocean_custom_logo":0,"ocean_custom_retina_logo":0,"ocean_custom_logo_max_width":0,"ocean_custom_logo_tablet_max_width":0,"ocean_custom_logo_mobile_max_width":0,"ocean_custom_logo_max_height":0,"ocean_custom_logo_tablet_max_height":0,"ocean_custom_logo_mobile_max_height":0,"ocean_header_custom_menu":"0","ocean_menu_typo_font_family":"0","ocean_menu_typo_font_subset":"","ocean_menu_typo_font_size":0,"ocean_menu_typo_font_size_tablet":0,"ocean_menu_typo_font_size_mobile":0,"ocean_menu_typo_font_size_unit":"px","ocean_menu_typo_font_weight":"","ocean_menu_typo_font_weight_tablet":"","ocean_menu_typo_font_weight_mobile":"","ocean_menu_typo_transform":"","ocean_menu_typo_transform_tablet":"","ocean_menu_typo_transform_mobile":"","ocean_menu_typo_line_height":0,"ocean_menu_typo_line_height_tablet":0,"ocean_menu_typo_line_height_mobile":0,"ocean_menu_typo_line_height_unit":"","ocean_menu_typo_spacing":0,"ocean_menu_typo_spacing_tablet":0,"ocean_menu_typo_spacing_mobile":0,"ocean_menu_typo_spacing_unit":"","ocean_menu_link_color":"","ocean_menu_link_color_hover":"","ocean_menu_link_color_active":"","ocean_menu_link_background":"","ocean_menu_link_hover_background":"","ocean_menu_link_active_background":"","ocean_menu_social_links_bg":"","ocean_menu_social_hover_links_bg":"","ocean_menu_social_links_color":"","ocean_menu_social_hover_links_color":"","ocean_disable_title":"default","ocean_disable_heading":"default","ocean_post_title":"","ocean_post_subheading":"","ocean_post_title_style":"","ocean_post_title_background_color":"","ocean_post_title_background":0,"ocean_post_title_bg_image_position":"","ocean_post_title_bg_image_attachment":"","ocean_post_title_bg_image_repeat":"","ocean_post_title_bg_image_size":"","ocean_post_title_height":0,"ocean_post_title_bg_overlay":0.5,"ocean_post_title_bg_overlay_color":"","ocean_disable_breadcrumbs":"default","ocean_breadcrumbs_color":"","ocean_breadcrumbs_separator_color":"","ocean_breadcrumbs_links_color":"","ocean_breadcrumbs_links_hover_color":"","ocean_display_footer_widgets":"default","ocean_display_footer_bottom":"default","ocean_custom_footer_template":"0","footnotes":""},"class_list":["post-1543","page","type-page","status-publish","hentry","entry","owp-thumbs-layout-horizontal","owp-btn-normal","owp-tabs-layout-horizontal","has-no-thumbnails","has-product-nav"],"yoast_head":"<!-- This site is optimized with the Yoast SEO plugin v27.1.1 - https:\/\/yoast.com\/product\/yoast-seo-wordpress\/ -->\n<title>fascias - Pneumatron Suisse<\/title>\n<meta name=\"robots\" content=\"index, follow, max-snippet:-1, max-image-preview:large, max-video-preview:-1\" \/>\n<link rel=\"canonical\" href=\"https:\/\/pneumatron.ch\/fr\/fascias\/\" \/>\n<meta property=\"og:locale\" content=\"fr_FR\" \/>\n<meta property=\"og:type\" content=\"article\" \/>\n<meta property=\"og:title\" content=\"fascias - Pneumatron Suisse\" \/>\n<meta property=\"og:description\" content=\"Possibilit\u00e9 d\u2019utilisation pour les fascias La raideur g\u00e9n\u00e9rale, les douleurs dans le cou, le dos et les jambes sont souvent caus\u00e9es par des fascias (le syst\u00e8me tissulaire qui maintient tout notre organisme) coll\u00e9s et agglutin\u00e9s. Les activit\u00e9s s\u00e9dentaires, trop peu d&rsquo;exercice et une mauvaise posture affectent votre mobilit\u00e9 et votre vitalit\u00e9. Avec Pneumatron\u00ae, vous pouvez [&hellip;]\" \/>\n<meta property=\"og:url\" content=\"https:\/\/pneumatron.ch\/fr\/fascias\/\" \/>\n<meta property=\"og:site_name\" content=\"Pneumatron Suisse\" \/>\n<meta property=\"article:modified_time\" content=\"2021-11-18T11:58:33+00:00\" \/>\n<meta property=\"og:image\" content=\"https:\/\/pneumatron.ch\/wp-content\/uploads\/2020\/02\/Faszien-1.jpg\" \/>\n<meta name=\"twitter:card\" content=\"summary_large_image\" \/>\n<meta name=\"twitter:label1\" content=\"Dur\u00e9e de lecture estim\u00e9e\" \/>\n\t<meta name=\"twitter:data1\" content=\"2 minutes\" \/>\n<script type=\"application\/ld+json\" class=\"yoast-schema-graph\">{\"@context\":\"https:\/\/schema.org\",\"@graph\":[{\"@type\":\"WebPage\",\"@id\":\"https:\/\/pneumatron.ch\/fr\/fascias\/\",\"url\":\"https:\/\/pneumatron.ch\/fr\/fascias\/\",\"name\":\"fascias - Pneumatron Suisse\",\"isPartOf\":{\"@id\":\"https:\/\/pneumatron.ch\/fr\/#website\"},\"primaryImageOfPage\":{\"@id\":\"https:\/\/pneumatron.ch\/fr\/fascias\/#primaryimage\"},\"image\":{\"@id\":\"https:\/\/pneumatron.ch\/fr\/fascias\/#primaryimage\"},\"thumbnailUrl\":\"https:\/\/pneumatron.ch\/wp-content\/uploads\/2020\/02\/Faszien-1.jpg\",\"datePublished\":\"2021-09-09T00:56:43+00:00\",\"dateModified\":\"2021-11-18T11:58:33+00:00\",\"breadcrumb\":{\"@id\":\"https:\/\/pneumatron.ch\/fr\/fascias\/#breadcrumb\"},\"inLanguage\":\"fr-FR\",\"potentialAction\":[{\"@type\":\"ReadAction\",\"target\":[\"https:\/\/pneumatron.ch\/fr\/fascias\/\"]}]},{\"@type\":\"ImageObject\",\"inLanguage\":\"fr-FR\",\"@id\":\"https:\/\/pneumatron.ch\/fr\/fascias\/#primaryimage\",\"url\":\"https:\/\/pneumatron.ch\/wp-content\/uploads\/2020\/02\/Faszien-1.jpg\",\"contentUrl\":\"https:\/\/pneumatron.ch\/wp-content\/uploads\/2020\/02\/Faszien-1.jpg\"},{\"@type\":\"BreadcrumbList\",\"@id\":\"https:\/\/pneumatron.ch\/fr\/fascias\/#breadcrumb\",\"itemListElement\":[{\"@type\":\"ListItem\",\"position\":1,\"name\":\"Startseite\",\"item\":\"https:\/\/pneumatron.ch\/fr\/\"},{\"@type\":\"ListItem\",\"position\":2,\"name\":\"fascias\"}]},{\"@type\":\"WebSite\",\"@id\":\"https:\/\/pneumatron.ch\/fr\/#website\",\"url\":\"https:\/\/pneumatron.ch\/fr\/\",\"name\":\"Pneumatron Suisse\",\"description\":\"Technique unique de massage et de ventouses\",\"publisher\":{\"@id\":\"https:\/\/pneumatron.ch\/fr\/#organization\"},\"potentialAction\":[{\"@type\":\"SearchAction\",\"target\":{\"@type\":\"EntryPoint\",\"urlTemplate\":\"https:\/\/pneumatron.ch\/fr\/?s={search_term_string}\"},\"query-input\":{\"@type\":\"PropertyValueSpecification\",\"valueRequired\":true,\"valueName\":\"search_term_string\"}}],\"inLanguage\":\"fr-FR\"},{\"@type\":\"Organization\",\"@id\":\"https:\/\/pneumatron.ch\/fr\/#organization\",\"name\":\"Pneumatron Schweiz\",\"url\":\"https:\/\/pneumatron.ch\/fr\/\",\"logo\":{\"@type\":\"ImageObject\",\"inLanguage\":\"fr-FR\",\"@id\":\"https:\/\/pneumatron.ch\/fr\/#\/schema\/logo\/image\/\",\"url\":\"https:\/\/pneumatron.ch\/wp-content\/uploads\/2022\/06\/Pneumatron-Schweiz.png\",\"contentUrl\":\"https:\/\/pneumatron.ch\/wp-content\/uploads\/2022\/06\/Pneumatron-Schweiz.png\",\"width\":817,\"height\":333,\"caption\":\"Pneumatron Schweiz\"},\"image\":{\"@id\":\"https:\/\/pneumatron.ch\/fr\/#\/schema\/logo\/image\/\"}}]}<\/script>\n<!-- \/ Yoast SEO plugin. -->","yoast_head_json":{"title":"fascias - Pneumatron Suisse","robots":{"index":"index","follow":"follow","max-snippet":"max-snippet:-1","max-image-preview":"max-image-preview:large","max-video-preview":"max-video-preview:-1"},"canonical":"https:\/\/pneumatron.ch\/fr\/fascias\/","og_locale":"fr_FR","og_type":"article","og_title":"fascias - Pneumatron Suisse","og_description":"Possibilit\u00e9 d\u2019utilisation pour les fascias La raideur g\u00e9n\u00e9rale, les douleurs dans le cou, le dos et les jambes sont souvent caus\u00e9es par des fascias (le syst\u00e8me tissulaire qui maintient tout notre organisme) coll\u00e9s et agglutin\u00e9s. Les activit\u00e9s s\u00e9dentaires, trop peu d&rsquo;exercice et une mauvaise posture affectent votre mobilit\u00e9 et votre vitalit\u00e9. Avec Pneumatron\u00ae, vous pouvez [&hellip;]","og_url":"https:\/\/pneumatron.ch\/fr\/fascias\/","og_site_name":"Pneumatron Suisse","article_modified_time":"2021-11-18T11:58:33+00:00","og_image":[{"url":"https:\/\/pneumatron.ch\/wp-content\/uploads\/2020\/02\/Faszien-1.jpg","type":"","width":"","height":""}],"twitter_card":"summary_large_image","twitter_misc":{"Dur\u00e9e de lecture estim\u00e9e":"2 minutes"},"schema":{"@context":"https:\/\/schema.org","@graph":[{"@type":"WebPage","@id":"https:\/\/pneumatron.ch\/fr\/fascias\/","url":"https:\/\/pneumatron.ch\/fr\/fascias\/","name":"fascias - Pneumatron Suisse","isPartOf":{"@id":"https:\/\/pneumatron.ch\/fr\/#website"},"primaryImageOfPage":{"@id":"https:\/\/pneumatron.ch\/fr\/fascias\/#primaryimage"},"image":{"@id":"https:\/\/pneumatron.ch\/fr\/fascias\/#primaryimage"},"thumbnailUrl":"https:\/\/pneumatron.ch\/wp-content\/uploads\/2020\/02\/Faszien-1.jpg","datePublished":"2021-09-09T00:56:43+00:00","dateModified":"2021-11-18T11:58:33+00:00","breadcrumb":{"@id":"https:\/\/pneumatron.ch\/fr\/fascias\/#breadcrumb"},"inLanguage":"fr-FR","potentialAction":[{"@type":"ReadAction","target":["https:\/\/pneumatron.ch\/fr\/fascias\/"]}]},{"@type":"ImageObject","inLanguage":"fr-FR","@id":"https:\/\/pneumatron.ch\/fr\/fascias\/#primaryimage","url":"https:\/\/pneumatron.ch\/wp-content\/uploads\/2020\/02\/Faszien-1.jpg","contentUrl":"https:\/\/pneumatron.ch\/wp-content\/uploads\/2020\/02\/Faszien-1.jpg"},{"@type":"BreadcrumbList","@id":"https:\/\/pneumatron.ch\/fr\/fascias\/#breadcrumb","itemListElement":[{"@type":"ListItem","position":1,"name":"Startseite","item":"https:\/\/pneumatron.ch\/fr\/"},{"@type":"ListItem","position":2,"name":"fascias"}]},{"@type":"WebSite","@id":"https:\/\/pneumatron.ch\/fr\/#website","url":"https:\/\/pneumatron.ch\/fr\/","name":"Pneumatron Suisse","description":"Technique unique de massage et de ventouses","publisher":{"@id":"https:\/\/pneumatron.ch\/fr\/#organization"},"potentialAction":[{"@type":"SearchAction","target":{"@type":"EntryPoint","urlTemplate":"https:\/\/pneumatron.ch\/fr\/?s={search_term_string}"},"query-input":{"@type":"PropertyValueSpecification","valueRequired":true,"valueName":"search_term_string"}}],"inLanguage":"fr-FR"},{"@type":"Organization","@id":"https:\/\/pneumatron.ch\/fr\/#organization","name":"Pneumatron Schweiz","url":"https:\/\/pneumatron.ch\/fr\/","logo":{"@type":"ImageObject","inLanguage":"fr-FR","@id":"https:\/\/pneumatron.ch\/fr\/#\/schema\/logo\/image\/","url":"https:\/\/pneumatron.ch\/wp-content\/uploads\/2022\/06\/Pneumatron-Schweiz.png","contentUrl":"https:\/\/pneumatron.ch\/wp-content\/uploads\/2022\/06\/Pneumatron-Schweiz.png","width":817,"height":333,"caption":"Pneumatron Schweiz"},"image":{"@id":"https:\/\/pneumatron.ch\/fr\/#\/schema\/logo\/image\/"}}]}},"_links":{"self":[{"href":"https:\/\/pneumatron.ch\/fr\/wp-json\/wp\/v2\/pages\/1543","targetHints":{"allow":["GET"]}}],"collection":[{"href":"https:\/\/pneumatron.ch\/fr\/wp-json\/wp\/v2\/pages"}],"about":[{"href":"https:\/\/pneumatron.ch\/fr\/wp-json\/wp\/v2\/types\/page"}],"author":[{"embeddable":true,"href":"https:\/\/pneumatron.ch\/fr\/wp-json\/wp\/v2\/users\/1"}],"replies":[{"embeddable":true,"href":"https:\/\/pneumatron.ch\/fr\/wp-json\/wp\/v2\/comments?post=1543"}],"version-history":[{"count":4,"href":"https:\/\/pneumatron.ch\/fr\/wp-json\/wp\/v2\/pages\/1543\/revisions"}],"predecessor-version":[{"id":1989,"href":"https:\/\/pneumatron.ch\/fr\/wp-json\/wp\/v2\/pages\/1543\/revisions\/1989"}],"wp:attachment":[{"href":"https:\/\/pneumatron.ch\/fr\/wp-json\/wp\/v2\/media?parent=1543"}],"curies":[{"name":"wp","href":"https:\/\/api.w.org\/{rel}","templated":true}]}}